{"id":17321,"date":"2021-12-14T11:10:30","date_gmt":"2021-12-14T11:10:30","guid":{"rendered":"https:\/\/khalilsoy.com\/?post_type=product&#038;p=17321"},"modified":"2025-08-25T13:19:29","modified_gmt":"2025-08-25T13:19:29","slug":"yeelight-smart-bluettoth-dimmer","status":"publish","type":"product","link":"https:\/\/mihome.az\/ru\/shop\/agilli-ev\/agilli-ev-agilli-ev-smart-devices\/yeelight-smart-bluettoth-dimmer\/","title":{"rendered":"Yeelight Smart Bluettoth Dimmer"},"content":{"rendered":"","protected":false},"excerpt":{"rendered":"<p>Sad\u0259c\u0259 g\u00f6z\u0259l a\u011f\u0131ll\u0131 ke\u00e7id<\/p>\n<p>Yeelight Smart Bluetooth Dimmer Divar \u0130\u015f\u0131\u011f\u0131 m\u00fcasir a\u011f\u0131ll\u0131 a\u00e7ar\u0131n g\u00f6z\u0259l n\u00fcmun\u0259sidir.<\/p>\n<p>Bluetooth d\u0259st\u0259yi il\u0259 yana\u015f\u0131, o, s\u0259sli idar\u0259etm\u0259ni d\u0259st\u0259kl\u0259yir v\u0259 MIOT ekosistemind\u0259 bir \u00e7ox tavan lampalar\u0131n\u0131 idar\u0259 etm\u0259k \u00fc\u00e7\u00fcn n\u0259z\u0259rd\u0259 tutulub.<\/p>\n<p>Birba\u015fa \u0259l il\u0259 idar\u0259etm\u0259 il\u0259 yana\u015f\u0131, bu a\u00e7arla lampan\u0131 smartfondan uzaqdan idar\u0259 ed\u0259 bil\u0259rsiniz.<\/p>\n","protected":false},"featured_media":17322,"template":"","meta":[],"product_cat":[215,220],"product_tag":[],"class_list":{"0":"post-17321","1":"product","2":"type-product","3":"status-publish","4":"has-post-thumbnail","6":"product_cat-agilli-ev","7":"product_cat-agilli-ev-agilli-ev-smart-devices","9":"first","10":"instock","11":"shipping-taxable","12":"purchasable","13":"product-type-simple"},"_links":{"self":[{"href":"https:\/\/mihome.az\/ru\/wp-json\/wp\/v2\/product\/17321","targetHints":{"allow":["GET"]}}],"collection":[{"href":"https:\/\/mihome.az\/ru\/wp-json\/wp\/v2\/product"}],"about":[{"href":"https:\/\/mihome.az\/ru\/wp-json\/wp\/v2\/types\/product"}],"wp:featuredmedia":[{"embeddable":true,"href":"https:\/\/mihome.az\/ru\/wp-json\/wp\/v2\/media\/17322"}],"wp:attachment":[{"href":"https:\/\/mihome.az\/ru\/wp-json\/wp\/v2\/media?parent=17321"}],"wp:term":[{"taxonomy":"product_cat","embeddable":true,"href":"https:\/\/mihome.az\/ru\/wp-json\/wp\/v2\/product_cat?post=17321"},{"taxonomy":"product_tag","embeddable":true,"href":"https:\/\/mihome.az\/ru\/wp-json\/wp\/v2\/product_tag?post=17321"}],"curies":[{"name":"wp","href":"https:\/\/api.w.org\/{rel}","templated":true}]}}