{"id":49657,"date":"2023-05-27T20:19:02","date_gmt":"2023-05-27T20:19:02","guid":{"rendered":"https:\/\/khalilsoy.com\/?post_type=product&#038;p=49657"},"modified":"2025-08-25T13:19:56","modified_gmt":"2025-08-25T13:19:56","slug":"sensorlu-elekrik-duym%c9%99si-1-cixisli","status":"publish","type":"product","link":"https:\/\/mihome.az\/ru\/shop\/agilli-ev\/rozetkalar-ve-sensorlar\/sensorlu-elekrik-duym%c9%99si-1-cixisli\/","title":{"rendered":"Sensorlu elekrik d\u00fcym\u0259si 1 \u00e7\u0131x\u0131\u015fl\u0131"},"content":{"rendered":"","protected":false},"excerpt":{"rendered":"<p>\u0421\u0435\u043d\u0441\u043e\u0440\u043d\u044b\u0439 \u043d\u0430\u0441\u0442\u0435\u043d\u043d\u044b\u0439 \u0432\u044b\u043a\u043b\u044e\u0447\u0430\u0442\u0435\u043b\u044c \u0441\u0432\u0435\u0442\u0430 \u043f\u0440\u0435\u0434\u043d\u0430\u0437\u043d\u0430\u0447\u0435\u043d \u0434\u043b\u044f \u0443\u043f\u0440\u0430\u0432\u043b\u0435\u043d\u0438\u044f 1 \u043b\u0438\u043d\u0438\u0435\u0439 \u043d\u0430\u0433\u0440\u0443\u0437\u043a\u0438 \u0432 \u0440\u0435\u0436\u0438\u043c\u0435 &#171;\u0432\u043a\u043b\u044e\u0447\u0438\u0442\u044c-\u0432\u044b\u043a\u043b\u044e\u0447\u0438\u0442\u044c&#187;. \u0423\u043f\u0440\u0430\u0432\u043b\u0435\u043d\u0438\u0435 \u043e\u0441\u0443\u0449\u0435\u0441\u0442\u0432\u043b\u044f\u0435\u0442\u0441\u044f \u0442\u043e\u043b\u044c\u043a\u043e \u043f\u043e\u0441\u0440\u0435\u0434\u0441\u0442\u0432\u043e\u043c \u0441\u0435\u043d\u0441\u043e\u0440\u043d\u043e\u0439 \u043f\u0430\u043d\u0435\u043b\u0438.<\/p>\n<p>\u0414\u043e\u043f\u0443\u0441\u0442\u0438\u043c\u044b\u0435 \u0442\u0438\u043f\u044b \u043b\u0430\u043c\u043f: \u043b\u0430\u043c\u043f\u044b \u043d\u0430\u043a\u0430\u043b\u0438\u0432\u0430\u043d\u0438\u044f, \u044d\u043d\u0435\u0440\u0433\u043e\u0441\u0431\u0435\u0440\u0435\u0433\u0430\u044e\u0449\u0438\u0435, \u0433\u0430\u043b\u043e\u0433\u0435\u043d\u043e\u0432\u044b\u0435 \u043b\u0430\u043c\u043f\u044b (220 \u0412, \u0438 \u043d\u0438\u0437\u043a\u043e\u0432\u043e\u043b\u044c\u0442\u043d\u044b\u0435 \u0441 \u0442\u0440\u0430\u043d\u0441\u0444\u043e\u0440\u043c\u0430\u0442\u043e\u0440\u043e\u043c 12 \u0412 \u0438 24 \u0412), \u043b\u044e\u043c\u0438\u043d\u0435\u0441\u0446\u0435\u043d\u0442\u043d\u044b\u0435 \u043b\u0430\u043c\u043f\u044b (\u0441 \u044d\u043b\u0435\u043a\u0442\u0440\u043e\u043d\u043d\u044b\u043c \u0431\u0430\u043b\u043b\u0430\u0441\u0442\u043e\u043c), \u0441\u0432\u0435\u0442\u043e\u0434\u0438\u043e\u0434\u043d\u044b\u0435 \u043b\u0430\u043c\u043f\u044b \u0438 \u0441\u0432\u0435\u0442\u043e\u0434\u0438\u043e\u0434\u043d\u044b\u0435 \u043b\u0435\u043d\u0442\u044b.<\/p>\n<p>\u0414\u043b\u044f \u0443\u0434\u043e\u0431\u0441\u0442\u0432\u0430 \u0438\u0441\u043f\u043e\u043b\u044c\u0437\u043e\u0432\u0430\u043d\u0438\u044f \u0432 \u0442\u0435\u043c\u043d\u043e\u0435 \u0432\u0440\u0435\u043c\u044f \u0441\u0443\u0442\u043e\u043a \u0432 \u0432\u044b\u043a\u043b\u044e\u0447\u0430\u0442\u0435\u043b\u0435 \u0438\u043c\u0435\u0435\u0442\u0441\u044f \u0441\u0432\u0435\u0442\u043e\u0434\u0438\u043e\u0434\u043d\u0430\u044f \u043f\u043e\u0434\u0441\u0432\u0435\u0442\u043a\u0430 \u0441 \u0440\u0435\u0436\u0438\u043c\u043e\u043c \u0438\u043d\u0434\u0438\u043a\u0430\u0446\u0438\u0438 \u0441\u043e\u0441\u0442\u043e\u044f\u043d\u0438\u044f &#171;\u0432\u043a\u043b\u044e\u0447\u0435\u043d\u043e\/\u0432\u044b\u043a\u043b\u044e\u0447\u0435\u043d\u043e&#187;. \u0412 \u0432\u044b\u043a\u043b\u044e\u0447\u0435\u043d\u043d\u043e\u043c \u0441\u043e\u0441\u0442\u043e\u044f\u043d\u0438\u0438 \u0441\u0435\u043d\u0441\u043e\u0440\u043d\u0430\u044f \u0437\u043e\u043d\u0430 \u043f\u043e\u0434\u0441\u0432\u0435\u0447\u0438\u0432\u0430\u0435\u0442\u0441\u044f \u0433\u043e\u043b\u0443\u0431\u044b\u043c \u0446\u0432\u0435\u0442\u043e\u043c, \u043f\u0440\u0438 \u0432\u043a\u043b\u044e\u0447\u0435\u043d\u0438\u0435 \u0441\u0432\u0435\u0442\u0430 \u0441\u0435\u043d\u0441\u043e\u0440\u043d\u0430\u044f \u0437\u043e\u043d\u0430 \u043d\u0430\u0447\u0438\u043d\u0430\u0435\u0442 \u043f\u043e\u0434\u0441\u0432\u0435\u0447\u0438\u0432\u0430\u0442\u044c\u0441\u044f \u043a\u0440\u0430\u0441\u043d\u044b\u043c \u0446\u0432\u0435\u0442\u043e\u043c.<\/p>\n<p>\u041b\u0438\u0446\u0435\u0432\u0430\u044f \u043f\u0430\u043d\u0435\u043b\u044c \u0432\u044b\u043f\u043e\u043b\u043d\u0435\u043d\u0430 \u0438\u0437 \u043e\u043f\u0442\u0438\u0447\u0435\u0441\u043a\u043e\u0433\u043e \u0441\u0442\u0435\u043a\u043b\u0430 OptiWite, \u0431\u043b\u0430\u0433\u043e\u0434\u0430\u0440\u044f \u0447\u0435\u043c\u0443 \u043f\u0430\u043d\u0435\u043b\u044c \u0432\u044b\u043a\u043b\u044e\u0447\u0430\u0442\u0435\u043b\u044f \u043d\u0435 \u0442\u043e\u043b\u044c\u043a\u043e \u0443\u0441\u0442\u043e\u0439\u0447\u0438\u0432\u0430 \u043a \u0446\u0430\u0440\u0430\u043f\u0438\u043d\u0430\u043c, \u043d\u043e \u0438 \u0447\u0440\u0435\u0437\u0432\u044b\u0447\u0430\u0439\u043d\u043e \u0443\u0434\u043e\u0431\u043d\u0430 \u0432 \u0443\u0445\u043e\u0434\u0435, \u043f\u0440\u043e\u0441\u0442\u043e \u043f\u0440\u043e\u0442\u0440\u0438\u0442\u0435 \u0435\u0435 \u0432\u043b\u0430\u0436\u043d\u043e\u0439 \u0442\u0440\u044f\u043f\u043e\u0447\u043a\u043e\u0439.<\/p>\n<p>\u0414\u043b\u044f \u0443\u0441\u0442\u0430\u043d\u043e\u0432\u043a\u0438 \u0438 \u043f\u043e\u0434\u043a\u043b\u044e\u0447\u0435\u043d\u0438\u044f \u0432\u044b\u043a\u043b\u044e\u0447\u0430\u0442\u0435\u043b\u044f \u043d\u0435 \u0442\u0440\u0435\u0431\u0443\u0435\u0442\u0441\u044f \u0432\u043d\u043e\u0441\u0438\u0442\u044c \u043a\u0430\u043a\u0438\u0445-\u043b\u0438\u0431\u043e \u0438\u0437\u043c\u0435\u043d\u0435\u043d\u0438\u0439 \u0432 \u044d\u043b\u0435\u043a\u0442\u0440\u043e\u043f\u0440\u043e\u0432\u043e\u0434\u043a\u0443, \u0442\u0430\u043a \u043a\u0430\u043a \u043e\u043d \u043f\u043e\u0434\u043a\u043b\u044e\u0447\u0430\u0435\u0442\u0441\u044f \u043a \u0446\u0435\u043f\u0438 \u043f\u043e \u0441\u0442\u0430\u043d\u0434\u0430\u0440\u0442\u043d\u043e\u0439 \u0441\u0445\u0435\u043c\u0435.<\/p>\n<p>\u0423\u0441\u0442\u0430\u043d\u043e\u0432\u043a\u0430 \u0432\u044b\u043a\u043b\u044e\u0447\u0430\u0442\u0435\u043b\u044f \u043e\u0441\u0443\u0449\u0435\u0441\u0442\u0432\u043b\u044f\u0435\u0442\u0441\u044f \u0432 \u043a\u0440\u0443\u0433\u043b\u0443\u044e \u043c\u043e\u043d\u0442\u0430\u0436\u043d\u0443\u044e \u043a\u043e\u0440\u043e\u0431\u043a\u0443 \u0434\u043b\u044f \u0441\u043a\u0440\u044b\u0442\u043e\u0433\u043e \u043c\u043e\u043d\u0442\u0430\u0436\u0430 \u0434\u0438\u0430\u043c\u0435\u0442\u0440\u043e\u043c 65-70 \u043c\u043c \u0438 \u0433\u043b\u0443\u0431\u0438\u043d\u043e\u0439 50 \u043c\u043c \u0441 \u043c\u0435\u0436\u0446\u0435\u043d\u0442\u0440\u043e\u0432\u044b\u043c \u0440\u0430\u0441\u0441\u0442\u043e\u044f\u043d\u0438\u0435\u043c \u0434\u043b\u044f \u043a\u0440\u0435\u043f\u0435\u0436\u043d\u044b\u0445 \u0432\u0438\u043d\u0442\u043e\u0432 &#8212; 60 \u043c\u043c. \u041f\u043e\u0434\u043e\u0431\u043d\u0443\u044e \u043c\u043e\u043d\u0442\u0430\u0436\u043d\u0443\u044e \u043a\u043e\u0440\u043e\u0431\u043a\u0443 \u043c\u043e\u0436\u043d\u043e \u043f\u0440\u0438\u043e\u0431\u0440\u0435\u0441\u0442\u0438 \u0432 \u043b\u044e\u0431\u043e\u043c \u0441\u043f\u0435\u0446\u0438\u0430\u043b\u0438\u0437\u0438\u0440\u043e\u0432\u0430\u043d\u043d\u043e\u043c \u043c\u0430\u0433\u0430\u0437\u0438\u043d\u0435.<\/p>\n","protected":false},"featured_media":49658,"template":"","meta":[],"product_cat":[314],"product_tag":[],"class_list":{"0":"post-49657","1":"product","2":"type-product","3":"status-publish","4":"has-post-thumbnail","6":"product_cat-rozetkalar-ve-sensorlar","8":"first","9":"instock","10":"shipping-taxable","11":"purchasable","12":"product-type-simple"},"_links":{"self":[{"href":"https:\/\/mihome.az\/ru\/wp-json\/wp\/v2\/product\/49657","targetHints":{"allow":["GET"]}}],"collection":[{"href":"https:\/\/mihome.az\/ru\/wp-json\/wp\/v2\/product"}],"about":[{"href":"https:\/\/mihome.az\/ru\/wp-json\/wp\/v2\/types\/product"}],"wp:featuredmedia":[{"embeddable":true,"href":"https:\/\/mihome.az\/ru\/wp-json\/wp\/v2\/media\/49658"}],"wp:attachment":[{"href":"https:\/\/mihome.az\/ru\/wp-json\/wp\/v2\/media?parent=49657"}],"wp:term":[{"taxonomy":"product_cat","embeddable":true,"href":"https:\/\/mihome.az\/ru\/wp-json\/wp\/v2\/product_cat?post=49657"},{"taxonomy":"product_tag","embeddable":true,"href":"https:\/\/mihome.az\/ru\/wp-json\/wp\/v2\/product_tag?post=49657"}],"curies":[{"name":"wp","href":"https:\/\/api.w.org\/{rel}","templated":true}]}}