{"id":53236,"date":"2023-11-18T13:06:18","date_gmt":"2023-11-18T13:06:18","guid":{"rendered":"https:\/\/khalilsoy.com\/?post_type=product&#038;p=53236"},"modified":"2026-02-08T15:43:01","modified_gmt":"2026-02-08T11:43:01","slug":"caxir-acan-huohou-wine-electric-bottle-opener","status":"publish","type":"product","link":"https:\/\/mihome.az\/ru\/shop\/meiset-cihazlari\/ev-uchun\/caxir-acan-huohou-wine-electric-bottle-opener\/","title":{"rendered":"Huohou Wine Electric Bottle Opener"},"content":{"rendered":"<p><\/p>\n<table width=\"646\">\n<tbody>\n<tr data-start=\"193\" data-end=\"281\">\n<td width=\"234\" data-start=\"193\" data-end=\"205\" data-col-size=\"sm\">Model<\/td>\n<td width=\"412\" data-col-size=\"md\" data-start=\"205\" data-end=\"281\">HuoHou Electric Wine Opener HU0122<\/td>\n<\/tr>\n<tr data-start=\"282\" data-end=\"364\">\n<td data-start=\"282\" data-end=\"293\" data-col-size=\"sm\">N\u00f6v\u00fc<\/td>\n<td data-col-size=\"md\" data-start=\"293\" data-end=\"364\">Elektrik a\u00e7\u0131c\u0131s\u0131 (\u015f\u0259rab \u00fc\u00e7\u00fcn)<\/td>\n<\/tr>\n<tr data-start=\"365\" data-end=\"456\">\n<td data-start=\"365\" data-end=\"388\" data-col-size=\"sm\">\u0130stehsal\u00e7\u0131\/Brend<\/td>\n<td data-col-size=\"md\" data-start=\"388\" data-end=\"456\">Huo Hou \/ Xiaomi sub-brand<\/td>\n<\/tr>\n<tr data-start=\"457\" data-end=\"521\">\n<td data-start=\"457\" data-end=\"468\" data-col-size=\"sm\">R\u0259ng<\/td>\n<td data-col-size=\"md\" data-start=\"468\" data-end=\"521\">Mavi (Blue)<\/td>\n<\/tr>\n<tr data-start=\"522\" data-end=\"621\">\n<td data-start=\"522\" data-end=\"537\" data-col-size=\"sm\">Material<\/td>\n<td data-col-size=\"md\" data-start=\"537\" data-end=\"621\">Plastik (ABS) + paslanmayan polad hiss\u0259l\u0259r<\/td>\n<\/tr>\n<tr data-start=\"622\" data-end=\"693\">\n<td data-start=\"622\" data-end=\"644\" data-col-size=\"sm\">Batareya Tutumu<\/td>\n<td data-start=\"644\" data-end=\"693\" data-col-size=\"md\">500 mAh<\/td>\n<\/tr>\n<tr data-start=\"694\" data-end=\"774\">\n<td data-start=\"694\" data-end=\"710\" data-col-size=\"sm\">\u015earj N\u00f6v\u00fc<\/td>\n<td data-start=\"710\" data-end=\"774\" data-col-size=\"md\">USB-Micro-USB il\u0259 \u015farj<\/td>\n<\/tr>\n<tr data-start=\"775\" data-end=\"848\">\n<td data-start=\"775\" data-end=\"797\" data-col-size=\"sm\">G\u0259rginlik \/ G\u00fcc<\/td>\n<td data-start=\"797\" data-end=\"848\" data-col-size=\"md\">5 V, 10 W<\/td>\n<\/tr>\n<tr data-start=\"849\" data-end=\"958\">\n<td data-start=\"849\" data-end=\"871\" data-col-size=\"sm\">A\u00e7\u0131qlama S\u00fcr\u0259ti<\/td>\n<td data-col-size=\"md\" data-start=\"871\" data-end=\"958\">\u00a06 saniy\u0259 (bir \u015f\u0259rab butulkas\u0131n\u0131 a\u00e7maq \u00fc\u00e7\u00fcn)<\/td>\n<\/tr>\n<tr data-start=\"959\" data-end=\"1045\">\n<td data-start=\"959\" data-end=\"979\" data-col-size=\"sm\">S\u0259s S\u0259viyy\u0259si<\/td>\n<td data-col-size=\"md\" data-start=\"979\" data-end=\"1045\">t\u0259xmin\u0259n 56 dB (t\u0259xmini)<\/td>\n<\/tr>\n<tr data-start=\"1046\" data-end=\"1155\">\n<td data-start=\"1046\" data-end=\"1082\" data-col-size=\"sm\">A\u00e7\u0131la Bil\u0259n Butulkalar\u0131n Say\u0131<\/td>\n<td data-col-size=\"md\" data-start=\"1082\" data-end=\"1155\">60\u201370 \u015f\u00fc\u015f\u0259 bir tam \u015farjla<\/td>\n<\/tr>\n<tr data-start=\"1156\" data-end=\"1230\">\n<td data-start=\"1156\" data-end=\"1170\" data-col-size=\"sm\">\u00d6l\u00e7\u00fcl\u0259r<\/td>\n<td data-start=\"1170\" data-end=\"1230\" data-col-size=\"md\">187 \u00d7 43 \u00d7 43 mm<\/td>\n<\/tr>\n<tr data-start=\"1231\" data-end=\"1293\">\n<td data-start=\"1231\" data-end=\"1242\" data-col-size=\"sm\">\u00c7\u0259ki<\/td>\n<td data-start=\"1242\" data-end=\"1293\" data-col-size=\"md\">240 g<\/td>\n<\/tr>\n<tr data-start=\"1294\" data-end=\"1409\">\n<td data-start=\"1294\" data-end=\"1319\" data-col-size=\"sm\">Komplekt\u0259 Daxildir<\/td>\n<td data-start=\"1319\" data-end=\"1409\" data-col-size=\"md\">Elektrik \u015farj\u0131, folqa k\u0259sici b\u0131\u00e7aq, USB kabeli<\/td>\n<\/tr>\n<\/tbody>\n<\/table>\n<p><\/p>","protected":false},"excerpt":{"rendered":"<p><b>\u041f\u0440\u0435\u0438\u043c\u0443\u0449\u0435\u0441\u0442\u0432\u0430 \u044d\u043b\u0435\u043a\u0442\u0440\u0438\u0447\u0435\u0441\u043a\u043e\u0433\u043e \u0448\u0442\u043e\u043f\u043e\u0440\u0430:<\/b><\/p>\n<ul>\n<li>\u041a\u043e\u043c\u043f\u0430\u043a\u0442\u043d\u044b\u0439 \u0438 \u043b\u0435\u0433\u043a\u0438\u0439 \u044d\u043b\u0435\u043a\u0442\u0440\u0438\u0447\u0435\u0441\u043a\u0438\u0439 \u0448\u0442\u043e\u043f\u043e\u0440 Xiaomi \u043c\u043e\u0436\u043d\u043e \u0431\u0440\u0430\u0442\u044c \u0441 \u0441\u043e\u0431\u043e\u0439 \u0432 \u043b\u044e\u0431\u0443\u044e \u043f\u043e\u0435\u0437\u0434\u043a\u0443.<\/li>\n<li>\u0420\u0430\u0431\u043e\u0442\u0430\u0435\u0442 \u0442\u0438\u0445\u043e: \u0443\u0440\u043e\u0432\u0435\u043d\u044c \u0448\u0443\u043c\u0430 \u043c\u0435\u043d\u0435\u0435 60 \u0414\u0431.<\/li>\n<li>\u00ab\u0423\u043c\u043d\u044b\u0439\u00bb \u0448\u0442\u043e\u043f\u043e\u0440 \u043d\u0435 \u043f\u043e\u0434\u0432\u0435\u0434\u0451\u0442 \u0438 \u0432\u0441\u0435\u0433\u0434\u0430 \u0433\u043e\u0442\u043e\u0432 \u043a \u0438\u0441\u043f\u043e\u043b\u044c\u0437\u043e\u0432\u0430\u043d\u0438\u044e, \u0437\u0430\u0440\u0430\u043d\u0435\u0435 \u043f\u0440\u0435\u0434\u0443\u043f\u0440\u0435\u0434\u044f\u0442 \u043e \u043d\u0435\u043e\u0431\u0445\u043e\u0434\u0438\u043c\u043e\u0441\u0442\u0438 \u043f\u043e\u0434\u0437\u0430\u0440\u044f\u0434\u043a\u0438.<\/li>\n<li>\u041f\u043e\u0437\u0432\u043e\u043b\u044f\u0435\u0442 \u043e\u0442\u043a\u0440\u044b\u0432\u0430\u0442\u044c \u0431\u0443\u0442\u044b\u043b\u043a\u0438 \u043f\u0440\u0430\u043a\u0442\u0438\u0447\u0435\u0441\u043a\u0438 \u0431\u0435\u0437 \u0443\u0447\u0430\u0441\u0442\u0438\u044f \u0447\u0435\u043b\u043e\u0432\u0435\u043a\u0430.<\/li>\n<li>\u041f\u0440\u043e\u0434\u043e\u043b\u0436\u0438\u0442\u0435\u043b\u044c\u043d\u043e\u0441\u0442\u044c \u0440\u0430\u0431\u043e\u0442\u044b \u043e\u043a\u043e\u043b\u043e 70 \u0431\u0443\u0442\u044b\u043b\u043e\u043a \u0431\u0435\u0437 \u043f\u043e\u0434\u0437\u0430\u0440\u044f\u0434\u043a\u0438.<\/li>\n<li>\u041d\u0443\u0436\u043d\u043e \u0432\u0441\u0435\u0433\u043e 6 \u0441\u0435\u043a\u0443\u043d\u0434 \u043d\u0430 \u043e\u0442\u043a\u0440\u044b\u0442\u0438\u0435 \u0431\u0443\u0442\u044b\u043b\u043a\u0438.<\/li>\n<li>\u041a\u043e\u0440\u043f\u0443\u0441 \u0448\u0442\u043e\u043f\u043e\u0440\u0430 \u0438\u0437\u0433\u043e\u0442\u043e\u0432\u043b\u0435\u043d \u0438\u0437 \u043f\u0440\u043e\u0447\u043d\u043e\u0439 \u043d\u0435\u0440\u0436\u0430\u0432\u0435\u044e\u0449\u0438\u0439 \u0441\u0442\u0430\u043b\u0438 \u0441 \u0447\u0435\u0440\u043d\u044b\u043c \u043c\u0430\u0442\u043e\u0432\u044b\u043c \u043d\u0430\u043f\u044b\u043b\u0435\u043d\u0438\u0435\u043c.<\/li>\n<li>\u0420\u0435\u0437\u0430\u043a \u0434\u043b\u044f \u0441\u043d\u044f\u0442\u0438\u044f \u044d\u0442\u0438\u043a\u0435\u0442\u043a\u0438 \u0438 \u043a\u0430\u0431\u0435\u043b\u044c micro USB \u0432\u0445\u043e\u0434\u044f\u0442 \u0432 \u043a\u043e\u043c\u043f\u043b\u0435\u043a\u0442.<\/li>\n<\/ul>\n","protected":false},"featured_media":53237,"template":"","meta":[],"product_cat":[226],"product_tag":[396],"class_list":{"0":"post-53236","1":"product","2":"type-product","3":"status-publish","4":"has-post-thumbnail","6":"product_cat-ev-uchun","7":"product_tag-miset-cihazlari","9":"first","10":"onbackorder","11":"sale","12":"shipping-taxable","13":"purchasable","14":"product-type-simple"},"_links":{"self":[{"href":"https:\/\/mihome.az\/ru\/wp-json\/wp\/v2\/product\/53236","targetHints":{"allow":["GET"]}}],"collection":[{"href":"https:\/\/mihome.az\/ru\/wp-json\/wp\/v2\/product"}],"about":[{"href":"https:\/\/mihome.az\/ru\/wp-json\/wp\/v2\/types\/product"}],"wp:featuredmedia":[{"embeddable":true,"href":"https:\/\/mihome.az\/ru\/wp-json\/wp\/v2\/media\/53237"}],"wp:attachment":[{"href":"https:\/\/mihome.az\/ru\/wp-json\/wp\/v2\/media?parent=53236"}],"wp:term":[{"taxonomy":"product_cat","embeddable":true,"href":"https:\/\/mihome.az\/ru\/wp-json\/wp\/v2\/product_cat?post=53236"},{"taxonomy":"product_tag","embeddable":true,"href":"https:\/\/mihome.az\/ru\/wp-json\/wp\/v2\/product_tag?post=53236"}],"curies":[{"name":"wp","href":"https:\/\/api.w.org\/{rel}","templated":true}]}}