{"id":81539,"date":"2025-12-04T12:02:30","date_gmt":"2025-12-04T08:02:30","guid":{"rendered":"https:\/\/mihome.az\/?post_type=product&#038;p=81539"},"modified":"2026-02-13T12:14:52","modified_gmt":"2026-02-13T08:14:52","slug":"roborock-robotic-vacuum-cleaner-z70-ce-black-sz7052-00-robot-tozsorani","status":"publish","type":"product","link":"https:\/\/mihome.az\/ru\/shop\/vacuum-cleaners\/robot-tozsoranlar\/roborock-robotic-vacuum-cleaner-z70-ce-black-sz7052-00-robot-tozsorani\/","title":{"rendered":"\u0420\u043e\u0431\u043e\u0442 \u043f\u044b\u043b\u0435\u0441\u043e\u0441 Robotic Vacuum Cleaner  Z70 CE Black (SZ7052-00)."},"content":{"rendered":"<p><\/p>\n<table width=\"391\" data-start=\"71\" data-end=\"369\">\n<tbody>\n<tr data-start=\"71\" data-end=\"97\">\n<td width=\"211\">X\u00fcsusiyy\u0259t<\/td>\n<td width=\"180\">G\u00f6st\u0259rici<\/td>\n<\/tr>\n<tr data-start=\"124\" data-end=\"166\">\n<td data-start=\"124\" data-end=\"144\" data-col-size=\"sm\">Sorulma g\u00fcc\u00fc:<\/td>\n<td data-col-size=\"sm\" data-start=\"144\" data-end=\"166\">22 000 Pa-ya q\u0259d\u0259r<\/td>\n<\/tr>\n<tr data-start=\"167\" data-end=\"200\">\n<td data-start=\"167\" data-end=\"187\" data-col-size=\"sm\">Akkumulyator:<\/td>\n<td data-col-size=\"sm\" data-start=\"187\" data-end=\"200\">6400 mA\u00b7s<\/td>\n<\/tr>\n<tr data-start=\"201\" data-end=\"235\">\n<td data-start=\"201\" data-end=\"225\" data-col-size=\"sm\">Tozqab\u0131n\u0131n h\u0259cmi:<\/td>\n<td data-col-size=\"sm\" data-start=\"225\" data-end=\"235\">180 ml<\/td>\n<\/tr>\n<tr data-start=\"236\" data-end=\"275\">\n<td data-start=\"236\" data-end=\"266\" data-col-size=\"sm\">Su rezervuar\u0131n\u0131n h\u0259cmi:<\/td>\n<td data-col-size=\"sm\" data-start=\"266\" data-end=\"275\">70 ml<\/td>\n<\/tr>\n<tr data-start=\"276\" data-end=\"329\">\n<td data-start=\"276\" data-end=\"312\" data-col-size=\"sm\">Mane\u0259l\u0259rd\u0259n ke\u00e7m\u0259 h\u00fcnd\u00fcrl\u00fcy\u00fc:<\/td>\n<td data-col-size=\"sm\" data-start=\"312\" data-end=\"329\">40 mm-\u0259 q\u0259d\u0259r<\/td>\n<\/tr>\n<tr data-start=\"330\" data-end=\"369\">\n<td data-start=\"330\" data-end=\"354\" data-col-size=\"sm\">Robotun \u00f6l\u00e7\u00fcl\u0259ri:<\/td>\n<td data-col-size=\"sm\" data-start=\"354\" data-end=\"369\">353 \u00d7 80 mm<\/td>\n<\/tr>\n<\/tbody>\n<\/table>\n<p><\/p>","protected":false},"excerpt":{"rendered":"<p>\u0440\u043e\u0431\u043e\u0442-\u043f\u044b\u043b\u0435\u0441\u043e\u0441 \u0441 \u043c\u043e\u0449\u043d\u043e\u0441\u0442\u044c\u044e \u0432\u0441\u0430\u0441\u044b\u0432\u0430\u043d\u0438\u044f\u00a022 000 \u041f\u0430, \u0430\u043a\u043a\u0443\u043c\u0443\u043b\u044f\u0442\u043e\u0440\u043e\u043c \u043d\u0430\u00a06400 \u043c\u0410\u0447, \u043e\u0431\u044a\u0435\u043c\u043e\u043c \u043f\u044b\u043b\u0435\u0441\u0431\u043e\u0440\u043d\u0438\u043a\u0430\u00a0180 \u043c\u043b\u00a0\u0438 \u0440\u0435\u0437\u0435\u0440\u0432\u0443\u0430\u0440\u043e\u043c \u0434\u043b\u044f \u0432\u043e\u0434\u044b\u00a070 \u043c\u043b. \u041e\u043d \u043e\u0441\u043d\u0430\u0449\u0435\u043d \u043f\u044f\u0442\u0438\u043e\u0441\u0435\u0432\u043e\u0439 \u043c\u0435\u0445\u0430\u043d\u0438\u0447\u0435\u0441\u043a\u043e\u0439 \u0440\u0443\u043a\u043e\u0439 OmniGrip \u0434\u043b\u044f \u0443\u0431\u043e\u0440\u043a\u0438 \u043f\u0440\u0435\u043f\u044f\u0442\u0441\u0442\u0432\u0438\u0439 \u0438 \u0446\u0435\u043d\u0442\u0440\u0430\u043b\u044c\u043d\u043e\u0439 \u0449\u0435\u0442\u043a\u043e\u0439 \u043a\u043e\u043c\u0431\u0438\u043d\u0438\u0440\u043e\u0432\u0430\u043d\u043d\u043e\u0433\u043e \u0442\u0438\u043f\u0430, \u0430 \u0442\u0430\u043a\u0436\u0435 \u0430\u0432\u0442\u043e\u043c\u0430\u0442\u0438\u0447\u0435\u0441\u043a\u0438 \u0440\u0435\u0433\u0443\u043b\u0438\u0440\u0443\u0435\u0442 \u043c\u043e\u0449\u043d\u043e\u0441\u0442\u044c \u043d\u0430 \u043a\u043e\u0432\u0440\u0430\u0445.<\/p>\n","protected":false},"featured_media":81540,"template":"","meta":[],"product_cat":[214,229],"product_tag":[],"class_list":{"0":"post-81539","1":"product","2":"type-product","3":"status-publish","4":"has-post-thumbnail","6":"product_cat-vacuum-cleaners","7":"product_cat-robot-tozsoranlar","9":"first","10":"onbackorder","11":"sale","12":"shipping-taxable","13":"purchasable","14":"product-type-simple"},"_links":{"self":[{"href":"https:\/\/mihome.az\/ru\/wp-json\/wp\/v2\/product\/81539","targetHints":{"allow":["GET"]}}],"collection":[{"href":"https:\/\/mihome.az\/ru\/wp-json\/wp\/v2\/product"}],"about":[{"href":"https:\/\/mihome.az\/ru\/wp-json\/wp\/v2\/types\/product"}],"wp:featuredmedia":[{"embeddable":true,"href":"https:\/\/mihome.az\/ru\/wp-json\/wp\/v2\/media\/81540"}],"wp:attachment":[{"href":"https:\/\/mihome.az\/ru\/wp-json\/wp\/v2\/media?parent=81539"}],"wp:term":[{"taxonomy":"product_cat","embeddable":true,"href":"https:\/\/mihome.az\/ru\/wp-json\/wp\/v2\/product_cat?post=81539"},{"taxonomy":"product_tag","embeddable":true,"href":"https:\/\/mihome.az\/ru\/wp-json\/wp\/v2\/product_tag?post=81539"}],"curies":[{"name":"wp","href":"https:\/\/api.w.org\/{rel}","templated":true}]}}