{"id":81710,"date":"2025-12-19T12:24:55","date_gmt":"2025-12-19T08:24:55","guid":{"rendered":"https:\/\/mihome.az\/?post_type=product&#038;p=81710"},"modified":"2025-12-22T12:00:30","modified_gmt":"2025-12-22T08:00:30","slug":"notebook-dell-vostro-3520","status":"publish","type":"product","link":"https:\/\/mihome.az\/ru\/shop\/tablets-notebooks\/noutbuklar\/notebook-dell-vostro-3520\/","title":{"rendered":"\u041d\u043e\u0443\u0442\u0431\u0443\u043a Dell Vostro 3520"},"content":{"rendered":"<p><\/p>\n<table width=\"825\">\n<tbody>\n<tr data-start=\"238\" data-end=\"271\">\n<td width=\"235\" data-start=\"238\" data-end=\"251\" data-col-size=\"sm\">\u041c\u043e\u0434\u0435\u043b\u044c<\/td>\n<td width=\"590\" data-col-size=\"lg\" data-start=\"251\" data-end=\"271\">Dell Vostro 3520<\/td>\n<\/tr>\n<tr data-start=\"272\" data-end=\"434\">\n<td data-start=\"272\" data-end=\"294\" data-col-size=\"sm\">\u041f\u0440\u043e\u0446\u0435\u0441\u0441\u043e\u0440 (CPU)<\/td>\n<td data-col-size=\"lg\" data-start=\"294\" data-end=\"434\">Intel Core i3-1215U (6 \u044f\u0434\u0435\u0440, 8 \u043f\u043e\u0442\u043e\u043a\u043e\u0432, \u0431\u0430\u0437\u043e\u0432\u0430\u044f \u0447\u0430\u0441\u0442\u043e\u0442\u0430 1,20 \u0413\u0413\u0446, Boost \u0434\u043e 4,40 \u0413\u0413\u0446, 10 \u041c\u0411 \u043a\u0435\u0448\u0430)<\/td>\n<\/tr>\n<tr data-start=\"435\" data-end=\"536\">\n<td data-start=\"435\" data-end=\"466\" data-col-size=\"sm\">\u041e\u043f\u0435\u0440\u0430\u0442\u0438\u0432\u043d\u0430\u044f \u043f\u0430\u043c\u044f\u0442\u044c (RAM)<\/td>\n<td data-col-size=\"lg\" data-start=\"466\" data-end=\"536\">8 GB DDR4, 2666 MHz (1\u00d78 GB)<\/td>\n<\/tr>\n<tr data-start=\"537\" data-end=\"657\">\n<td data-start=\"537\" data-end=\"574\" data-col-size=\"sm\">\u041c\u0430\u043a\u0441\u0438\u043c\u0430\u043b\u044c\u043d\u043e \u043f\u043e\u0434\u0434\u0435\u0440\u0436\u0438\u0432\u0430\u0435\u043c\u0430\u044f RAM<\/td>\n<td data-col-size=\"lg\" data-start=\"574\" data-end=\"657\">\u0414\u043e ~16 GB (\u0432 \u0437\u0430\u0432\u0438\u0441\u0438\u043c\u043e\u0441\u0442\u0438 \u043e\u0442 \u043a\u043e\u043d\u0444\u0438\u0433\u0443\u0440\u0430\u0446\u0438\u0438)<\/td>\n<\/tr>\n<tr data-start=\"658\" data-end=\"741\">\n<td data-start=\"658\" data-end=\"675\" data-col-size=\"sm\">\u041d\u0430\u043a\u043e\u043f\u0438\u0442\u0435\u043b\u044c<\/td>\n<td data-col-size=\"lg\" data-start=\"675\" data-end=\"741\">512 GB SSD M.2 PCIe<\/td>\n<\/tr>\n<tr data-start=\"742\" data-end=\"832\">\n<td data-start=\"742\" data-end=\"756\" data-col-size=\"sm\">\u0413\u0440\u0430\u0444\u0438\u043a\u0430<\/td>\n<td data-start=\"756\" data-end=\"832\" data-col-size=\"lg\">\u0418\u043d\u0442\u0435\u0433\u0440\u0438\u0440\u043e\u0432\u0430\u043d\u043d\u0430\u044f Intel UHD Graphics<\/td>\n<\/tr>\n<tr data-start=\"833\" data-end=\"951\">\n<td data-start=\"833\" data-end=\"845\" data-col-size=\"sm\">\u042d\u043a\u0440\u0430\u043d<\/td>\n<td data-start=\"845\" data-end=\"951\" data-col-size=\"lg\">15.6\u2033 Full HD (1920\u00d71080), WVA IPS, 120 Hz, Anti-Glare, 250 \u043d\u0438\u0442<\/td>\n<\/tr>\n<tr data-start=\"952\" data-end=\"1028\">\n<td data-start=\"952\" data-end=\"965\" data-col-size=\"sm\">\u041a\u0430\u043c\u0435\u0440\u0430<\/td>\n<td data-col-size=\"lg\" data-start=\"965\" data-end=\"1028\">HD \u0432\u0435\u0431-\u043a\u0430\u043c\u0435\u0440\u0430 (720p)<\/td>\n<\/tr>\n<tr data-start=\"1029\" data-end=\"1118\">\n<td data-start=\"1029\" data-end=\"1041\" data-col-size=\"sm\">\u0410\u0443\u0434\u0438\u043e<\/td>\n<td data-col-size=\"lg\" data-start=\"1041\" data-end=\"1118\">\u0421\u0442\u0435\u0440\u0435\u043e\u0434\u0438\u043d\u0430\u043c\u0438\u043a\u0438, \u0432\u0441\u0442\u0440\u043e\u0435\u043d\u043d\u044b\u0439 \u043c\u0438\u043a\u0440\u043e\u0444\u043e\u043d<\/td>\n<\/tr>\n<tr data-start=\"1119\" data-end=\"1221\">\n<td data-start=\"1119\" data-end=\"1131\" data-col-size=\"sm\">\u0421\u0432\u044f\u0437\u044c<\/td>\n<td data-col-size=\"lg\" data-start=\"1131\" data-end=\"1221\">Wi-Fi (802.11ac), Bluetooth (\u0432\u0435\u0440\u0441\u0438\u044f \u0432\u0430\u0440\u044c\u0438\u0440\u0443\u0435\u0442\u0441\u044f)<\/td>\n<\/tr>\n<tr data-start=\"1222\" data-end=\"1363\">\n<td data-start=\"1222\" data-end=\"1234\" data-col-size=\"sm\">\u041f\u043e\u0440\u0442\u044b<\/td>\n<td data-col-size=\"lg\" data-start=\"1234\" data-end=\"1363\">2\u00d7 USB 3.2 Gen 1, 1\u00d7 USB 2.0, 1\u00d7 HDMI 1.4, \u043a\u043e\u043c\u0431\u0438\u043d\u0438\u0440\u043e\u0432\u0430\u043d\u043d\u044b\u0439 \u0430\u0443\u0434\u0438\u043e \u043f\u043e\u0440\u0442, RJ-45 (Ethernet)<\/td>\n<\/tr>\n<tr data-start=\"1364\" data-end=\"1431\">\n<td data-start=\"1364\" data-end=\"1380\" data-col-size=\"sm\">\u041a\u0430\u0440\u0434\u0440\u0438\u0434\u0435\u0440<\/td>\n<td data-start=\"1380\" data-end=\"1431\" data-col-size=\"lg\">SD \u0441\u043b\u043e\u0442<\/td>\n<\/tr>\n<tr data-start=\"1432\" data-end=\"1533\">\n<td data-start=\"1432\" data-end=\"1449\" data-col-size=\"sm\">\u041a\u043b\u0430\u0432\u0438\u0430\u0442\u0443\u0440\u0430<\/td>\n<td data-start=\"1449\" data-end=\"1533\" data-col-size=\"lg\">\u0421 \u0446\u0438\u0444\u0440\u043e\u0432\u044b\u043c \u0431\u043b\u043e\u043a\u043e\u043c (\u043e\u0431\u044b\u0447\u043d\u043e \u0431\u0435\u0437 \u043f\u043e\u0434\u0441\u0432\u0435\u0442\u043a\u0438)<\/td>\n<\/tr>\n<tr data-start=\"1534\" data-end=\"1606\">\n<td data-start=\"1534\" data-end=\"1548\" data-col-size=\"sm\">\u0411\u0430\u0442\u0430\u0440\u0435\u044f<\/td>\n<td data-start=\"1548\" data-end=\"1606\" data-col-size=\"lg\">3-cell, 41 Wh<\/td>\n<\/tr>\n<tr data-start=\"1607\" data-end=\"1710\">\n<td data-start=\"1607\" data-end=\"1617\" data-col-size=\"sm\">\u0412\u0435\u0441<\/td>\n<td data-col-size=\"lg\" data-start=\"1617\" data-end=\"1710\">\u041e\u043a\u043e\u043b\u043e 1.66\u20131.9 \u043a\u0433 (\u0432 \u0437\u0430\u0432\u0438\u0441\u0438\u043c\u043e\u0441\u0442\u0438 \u043e\u0442 \u043a\u043e\u043d\u0444\u0438\u0433\u0443\u0440\u0430\u0446\u0438\u0438)<\/td>\n<\/tr>\n<tr data-start=\"1711\" data-end=\"1795\">\n<td data-start=\"1711\" data-end=\"1730\" data-col-size=\"sm\">\u0426\u0432\u0435\u0442 \u043a\u043e\u0440\u043f\u0443\u0441\u0430<\/td>\n<td data-start=\"1730\" data-end=\"1795\" data-col-size=\"lg\">Carbon Black (\u0447\u0451\u0440\u043d\u044b\u0439)<\/td>\n<\/tr>\n<tr data-start=\"1796\" data-end=\"1913\">\n<td data-start=\"1796\" data-end=\"1823\" data-col-size=\"sm\">\u041e\u043f\u0435\u0440\u0430\u0446\u0438\u043e\u043d\u043d\u0430\u044f \u0441\u0438\u0441\u0442\u0435\u043c\u0430<\/td>\n<td data-start=\"1823\" data-end=\"1913\" data-col-size=\"lg\">FreeDOS \/ \u0431\u0435\u0437 \u041e\u0421 (\u0432\u0430\u0440\u0438\u0430\u043d\u0442\u044b \u043c\u043e\u0433\u0443\u0442 \u0431\u044b\u0442\u044c \u0441 Win11)<\/td>\n<\/tr>\n<tr data-start=\"1914\" data-end=\"2008\">\n<td data-start=\"1914\" data-end=\"1931\" data-col-size=\"sm\">\u041d\u0430\u0437\u043d\u0430\u0447\u0435\u043d\u0438\u0435<\/td>\n<td data-col-size=\"lg\" data-start=\"1931\" data-end=\"2008\">\u0411\u0438\u0437\u043d\u0435\u0441, \u043e\u0444\u0438\u0441, \u043f\u043e\u0432\u0441\u0435\u0434\u043d\u0435\u0432\u043d\u044b\u0435 \u0437\u0430\u0434\u0430\u0447\u0438<\/td>\n<\/tr>\n<\/tbody>\n<\/table>\n<p><\/p>","protected":false},"excerpt":{"rendered":"<p>\u041c\u043e\u0434\u0435\u043b\u044c Dell Vostro 3520 \u041f\u0440\u043e\u0446\u0435\u0441\u0441\u043e\u0440 (CPU) Intel Core i3-1215U (6 \u044f\u0434\u0435\u0440, 8 \u043f\u043e\u0442\u043e\u043a\u043e\u0432, \u0431\u0430\u0437\u043e\u0432\u0430\u044f \u0447\u0430\u0441\u0442\u043e\u0442\u0430 1,20 \u0413\u0413\u0446, Boost \u0434\u043e 4,40 \u0413\u0413\u0446, 10 \u041c\u0411 \u043a\u0435\u0448\u0430) \u041e\u043f\u0435\u0440\u0430\u0442\u0438\u0432\u043d\u0430\u044f \u043f\u0430\u043c\u044f\u0442\u044c (RAM) 8 GB DDR4, 2666 MHz (1\u00d78 GB) \u041c\u0430\u043a\u0441\u0438\u043c\u0430\u043b\u044c\u043d\u043e \u043f\u043e\u0434\u0434\u0435\u0440\u0436\u0438\u0432\u0430\u0435\u043c\u0430\u044f RAM \u0414\u043e ~16 GB &hellip; <a href=\"https:\/\/mihome.az\/ru\/shop\/tablets-notebooks\/noutbuklar\/notebook-dell-vostro-3520\/\">Readmore<\/a><\/p>\n","protected":false},"featured_media":81711,"template":"","meta":[],"product_cat":[165,182],"product_tag":[],"class_list":{"0":"post-81710","1":"product","2":"type-product","3":"status-publish","4":"has-post-thumbnail","6":"product_cat-tablets-notebooks","7":"product_cat-noutbuklar","9":"first","10":"onbackorder","11":"shipping-taxable","12":"purchasable","13":"product-type-simple"},"_links":{"self":[{"href":"https:\/\/mihome.az\/ru\/wp-json\/wp\/v2\/product\/81710","targetHints":{"allow":["GET"]}}],"collection":[{"href":"https:\/\/mihome.az\/ru\/wp-json\/wp\/v2\/product"}],"about":[{"href":"https:\/\/mihome.az\/ru\/wp-json\/wp\/v2\/types\/product"}],"wp:featuredmedia":[{"embeddable":true,"href":"https:\/\/mihome.az\/ru\/wp-json\/wp\/v2\/media\/81711"}],"wp:attachment":[{"href":"https:\/\/mihome.az\/ru\/wp-json\/wp\/v2\/media?parent=81710"}],"wp:term":[{"taxonomy":"product_cat","embeddable":true,"href":"https:\/\/mihome.az\/ru\/wp-json\/wp\/v2\/product_cat?post=81710"},{"taxonomy":"product_tag","embeddable":true,"href":"https:\/\/mihome.az\/ru\/wp-json\/wp\/v2\/product_tag?post=81710"}],"curies":[{"name":"wp","href":"https:\/\/api.w.org\/{rel}","templated":true}]}}