{"id":81778,"date":"2025-12-23T09:47:18","date_gmt":"2025-12-23T05:47:18","guid":{"rendered":"https:\/\/mihome.az\/?post_type=product&#038;p=81778"},"modified":"2025-12-24T13:48:05","modified_gmt":"2025-12-24T09:48:05","slug":"monitor-darkflash-g243fw","status":"publish","type":"product","link":"https:\/\/mihome.az\/ru\/shop\/tablets-notebooks\/notebook-accessories\/monitor-darkflash-g243fw\/","title":{"rendered":"\u041c\u043e\u043d\u0438\u0442\u043e\u0440 Darkflash G243FW"},"content":{"rendered":"<p><\/p>\n<table width=\"652\">\n<tbody>\n<tr data-start=\"288\" data-end=\"321\">\n<td width=\"230\" data-start=\"288\" data-end=\"301\" data-col-size=\"sm\">\u041c\u043e\u0434\u0435\u043b\u044c<\/td>\n<td width=\"422\" data-col-size=\"md\" data-start=\"301\" data-end=\"321\">Darkflash G243FW<\/td>\n<\/tr>\n<tr data-start=\"322\" data-end=\"399\">\n<td data-start=\"322\" data-end=\"345\" data-col-size=\"sm\">\u0414\u0438\u0430\u0433\u043e\u043d\u0430\u043b\u044c \u044d\u043a\u0440\u0430\u043d\u0430<\/td>\n<td data-col-size=\"md\" data-start=\"345\" data-end=\"399\">24\u2033 (\u224823.8\u2033)<\/td>\n<\/tr>\n<tr data-start=\"400\" data-end=\"462\">\n<td data-start=\"400\" data-end=\"417\" data-col-size=\"sm\">\u0422\u0438\u043f \u043f\u0430\u043d\u0435\u043b\u0438<\/td>\n<td data-col-size=\"md\" data-start=\"417\" data-end=\"462\">IPS<\/td>\n<\/tr>\n<tr data-start=\"463\" data-end=\"539\">\n<td data-start=\"463\" data-end=\"480\" data-col-size=\"sm\">\u0420\u0430\u0437\u0440\u0435\u0448\u0435\u043d\u0438\u0435<\/td>\n<td data-col-size=\"md\" data-start=\"480\" data-end=\"539\">1920\u00d71080 Full HD<\/td>\n<\/tr>\n<tr data-start=\"540\" data-end=\"613\">\n<td data-start=\"540\" data-end=\"565\" data-col-size=\"sm\">\u0427\u0430\u0441\u0442\u043e\u0442\u0430 \u043e\u0431\u043d\u043e\u0432\u043b\u0435\u043d\u0438\u044f<\/td>\n<td data-start=\"565\" data-end=\"613\" data-col-size=\"md\">100\u202fHz<\/td>\n<\/tr>\n<tr data-start=\"614\" data-end=\"700\">\n<td data-start=\"614\" data-end=\"634\" data-col-size=\"sm\">\u0412\u0440\u0435\u043c\u044f \u043e\u0442\u043a\u043b\u0438\u043a\u0430<\/td>\n<td data-col-size=\"md\" data-start=\"634\" data-end=\"700\">5\u202fms (\u0442\u0438\u043f\u0438\u0447\u043d\u043e\u0435, G\u2011to\u2011G)<\/td>\n<\/tr>\n<tr data-start=\"701\" data-end=\"772\">\n<td data-start=\"701\" data-end=\"726\" data-col-size=\"sm\">\u0421\u043e\u043e\u0442\u043d\u043e\u0448\u0435\u043d\u0438\u0435 \u0441\u0442\u043e\u0440\u043e\u043d<\/td>\n<td data-start=\"726\" data-end=\"772\" data-col-size=\"md\">16:09<\/td>\n<\/tr>\n<tr data-start=\"773\" data-end=\"865\">\n<td data-start=\"773\" data-end=\"805\" data-col-size=\"sm\">\u041f\u043e\u043a\u0440\u044b\u0442\u0438\u0435 \u0446\u0432\u0435\u0442\u043e\u0432\u043e\u0433\u043e \u043e\u0445\u0432\u0430\u0442\u0430<\/td>\n<td data-start=\"805\" data-end=\"865\" data-col-size=\"md\">75% NTSC, 99% sRGB<\/td>\n<\/tr>\n<tr data-start=\"866\" data-end=\"953\">\n<td data-start=\"866\" data-end=\"903\" data-col-size=\"sm\">\u041a\u043e\u043b\u0438\u0447\u0435\u0441\u0442\u0432\u043e \u043e\u0442\u043e\u0431\u0440\u0430\u0436\u0430\u0435\u043c\u044b\u0445 \u0446\u0432\u0435\u0442\u043e\u0432<\/td>\n<td data-start=\"903\" data-end=\"953\" data-col-size=\"md\">16.7 \u043c\u043b\u043d<\/td>\n<\/tr>\n<tr data-start=\"954\" data-end=\"1049\">\n<td data-start=\"954\" data-end=\"968\" data-col-size=\"sm\">\u042f\u0440\u043a\u043e\u0441\u0442\u044c<\/td>\n<td data-start=\"968\" data-end=\"1049\" data-col-size=\"md\">300\u202fcd\/m\u00b2 (\u0438\u043d\u043e\u0433\u0434\u0430 \u0443\u043a\u0430\u0437\u044b\u0432\u0430\u044e\u0442 250\u202fcd\/m\u00b2)<\/td>\n<\/tr>\n<tr data-start=\"1050\" data-end=\"1141\">\n<td data-start=\"1050\" data-end=\"1070\" data-col-size=\"sm\">\u041a\u043e\u043d\u0442\u0440\u0430\u0441\u0442\u043d\u043e\u0441\u0442\u044c<\/td>\n<td data-start=\"1070\" data-end=\"1141\" data-col-size=\"md\">10\u202f000\u202f000:1 (\u0434\u0438\u043d\u0430\u043c\u0438\u0447\u0435\u0441\u043a\u0430\u044f)<\/td>\n<\/tr>\n<tr data-start=\"1142\" data-end=\"1220\">\n<td data-start=\"1142\" data-end=\"1160\" data-col-size=\"sm\">\u0423\u0433\u043b\u044b \u043e\u0431\u0437\u043e\u0440\u0430<\/td>\n<td data-start=\"1160\" data-end=\"1220\" data-col-size=\"md\">89\u00b0\/89\u00b0\/89\u00b0\/89\u00b0<\/td>\n<\/tr>\n<tr data-start=\"1221\" data-end=\"1317\">\n<td data-start=\"1221\" data-end=\"1245\" data-col-size=\"sm\">\u0418\u043d\u0442\u0435\u0440\u0444\u0435\u0439\u0441\u044b (\u043f\u043e\u0440\u0442)<\/td>\n<td data-start=\"1245\" data-end=\"1317\" data-col-size=\"md\">1\u00d7HDMI, 1\u00d7VGA, 1\u00d7DisplayPort<\/td>\n<\/tr>\n<tr data-start=\"1318\" data-end=\"1394\">\n<td data-start=\"1318\" data-end=\"1333\" data-col-size=\"sm\">\u0414\u0438\u043d\u0430\u043c\u0438\u043a\u0438<\/td>\n<td data-start=\"1333\" data-end=\"1394\" data-col-size=\"md\">\u0415\u0441\u0442\u044c (\u0432\u0441\u0442\u0440\u043e\u0435\u043d\u043d\u044b\u0435)<\/td>\n<\/tr>\n<tr data-start=\"1395\" data-end=\"1492\">\n<td data-start=\"1395\" data-end=\"1416\" data-col-size=\"sm\">VESA\u2011\u043a\u0440\u0435\u043f\u043b\u0435\u043d\u0438\u0435<\/td>\n<td data-start=\"1416\" data-end=\"1492\" data-col-size=\"md\">\u041e\u0431\u044b\u0447\u043d\u043e \u043f\u043e\u0434\u0434\u0435\u0440\u0436\u0438\u0432\u0430\u0435\u0442\u0441\u044f (75\u00d775\u202f\u043c\u043c)<\/td>\n<\/tr>\n<tr data-start=\"1493\" data-end=\"1603\">\n<td data-start=\"1493\" data-end=\"1511\" data-col-size=\"sm\">\u041e\u0441\u043e\u0431\u0435\u043d\u043d\u043e\u0441\u0442\u0438<\/td>\n<td data-col-size=\"md\" data-start=\"1511\" data-end=\"1603\">Eye Care \/ CDC Dimming (\u0437\u0430\u0449\u0438\u0442\u0430 \u0433\u043b\u0430\u0437 \u043e\u0442 \u043c\u0435\u0440\u0446\u0430\u043d\u0438\u044f)<\/td>\n<\/tr>\n<tr data-start=\"1604\" data-end=\"1688\">\n<td data-start=\"1604\" data-end=\"1621\" data-col-size=\"sm\">\u041f\u0440\u0438\u043c\u0435\u043d\u0435\u043d\u0438\u0435<\/td>\n<td data-start=\"1621\" data-end=\"1688\" data-col-size=\"md\">\u0418\u0433\u0440\u044b, \u043e\u0444\u0438\u0441, \u043c\u0443\u043b\u044c\u0442\u0438\u043c\u0435\u0434\u0438\u0430<\/td>\n<\/tr>\n<\/tbody>\n<\/table>\n<p><\/p>","protected":false},"excerpt":{"rendered":"<p>\u041c\u043e\u0434\u0435\u043b\u044c Darkflash G243FW \u0414\u0438\u0430\u0433\u043e\u043d\u0430\u043b\u044c \u044d\u043a\u0440\u0430\u043d\u0430 24\u2033 (\u224823.8\u2033) \u0422\u0438\u043f \u043f\u0430\u043d\u0435\u043b\u0438 IPS \u0420\u0430\u0437\u0440\u0435\u0448\u0435\u043d\u0438\u0435 1920\u00d71080 Full HD \u0427\u0430\u0441\u0442\u043e\u0442\u0430 \u043e\u0431\u043d\u043e\u0432\u043b\u0435\u043d\u0438\u044f 100\u202fHz \u0412\u0440\u0435\u043c\u044f \u043e\u0442\u043a\u043b\u0438\u043a\u0430 5\u202fms (\u0442\u0438\u043f\u0438\u0447\u043d\u043e\u0435, G\u2011to\u2011G) \u0421\u043e\u043e\u0442\u043d\u043e\u0448\u0435\u043d\u0438\u0435 \u0441\u0442\u043e\u0440\u043e\u043d 16:09 \u041f\u043e\u043a\u0440\u044b\u0442\u0438\u0435 \u0446\u0432\u0435\u0442\u043e\u0432\u043e\u0433\u043e \u043e\u0445\u0432\u0430\u0442\u0430 75% NTSC, 99% sRGB \u041a\u043e\u043b\u0438\u0447\u0435\u0441\u0442\u0432\u043e \u043e\u0442\u043e\u0431\u0440\u0430\u0436\u0430\u0435\u043c\u044b\u0445 \u0446\u0432\u0435\u0442\u043e\u0432 16.7 \u043c\u043b\u043d \u042f\u0440\u043a\u043e\u0441\u0442\u044c 300\u202fcd\/m\u00b2 (\u0438\u043d\u043e\u0433\u0434\u0430 &hellip; <a href=\"https:\/\/mihome.az\/ru\/shop\/tablets-notebooks\/notebook-accessories\/monitor-darkflash-g243fw\/\">Readmore<\/a><\/p>\n","protected":false},"featured_media":81780,"template":"","meta":[],"product_cat":[165,183],"product_tag":[],"class_list":{"0":"post-81778","1":"product","2":"type-product","3":"status-publish","4":"has-post-thumbnail","6":"product_cat-tablets-notebooks","7":"product_cat-notebook-accessories","9":"first","10":"onbackorder","11":"shipping-taxable","12":"purchasable","13":"product-type-simple"},"_links":{"self":[{"href":"https:\/\/mihome.az\/ru\/wp-json\/wp\/v2\/product\/81778","targetHints":{"allow":["GET"]}}],"collection":[{"href":"https:\/\/mihome.az\/ru\/wp-json\/wp\/v2\/product"}],"about":[{"href":"https:\/\/mihome.az\/ru\/wp-json\/wp\/v2\/types\/product"}],"wp:featuredmedia":[{"embeddable":true,"href":"https:\/\/mihome.az\/ru\/wp-json\/wp\/v2\/media\/81780"}],"wp:attachment":[{"href":"https:\/\/mihome.az\/ru\/wp-json\/wp\/v2\/media?parent=81778"}],"wp:term":[{"taxonomy":"product_cat","embeddable":true,"href":"https:\/\/mihome.az\/ru\/wp-json\/wp\/v2\/product_cat?post=81778"},{"taxonomy":"product_tag","embeddable":true,"href":"https:\/\/mihome.az\/ru\/wp-json\/wp\/v2\/product_tag?post=81778"}],"curies":[{"name":"wp","href":"https:\/\/api.w.org\/{rel}","templated":true}]}}