{"id":81928,"date":"2025-12-25T16:12:06","date_gmt":"2025-12-25T12:12:06","guid":{"rendered":"https:\/\/mihome.az\/?post_type=product&#038;p=81928"},"modified":"2025-12-27T17:36:04","modified_gmt":"2025-12-27T13:36:04","slug":"masaustu-komputer-hp-290-g4-i3-10100","status":"publish","type":"product","link":"https:\/\/mihome.az\/ru\/shop\/tablets-notebooks\/notebook-accessories\/masaustu-komputer-hp-290-g4-i3-10100\/","title":{"rendered":"\u041d\u0430\u0441\u0442\u043e\u043b\u044c\u043d\u044b\u0439 \u043a\u043e\u043c\u043f\u044c\u044e\u0442\u0435\u0440 HP 290 G4 (i3-10100)"},"content":{"rendered":"<p><\/p>\n<table width=\"694\">\n<tbody>\n<tr data-start=\"209\" data-end=\"249\">\n<td width=\"186\" data-start=\"209\" data-end=\"222\" data-col-size=\"sm\">\u041c\u043e\u0434\u0435\u043b\u044c<\/td>\n<td width=\"508\" data-col-size=\"lg\" data-start=\"222\" data-end=\"249\">HP\u202f290\u202fG4<\/td>\n<\/tr>\n<tr data-start=\"250\" data-end=\"333\">\n<td data-start=\"250\" data-end=\"268\" data-col-size=\"sm\">\u0424\u043e\u0440\u043c\u2011\u0444\u0430\u043a\u0442\u043e\u0440<\/td>\n<td data-col-size=\"lg\" data-start=\"268\" data-end=\"333\">Microtower<\/td>\n<\/tr>\n<tr data-start=\"334\" data-end=\"490\">\n<td data-start=\"334\" data-end=\"356\" data-col-size=\"sm\">\u041f\u0440\u043e\u0446\u0435\u0441\u0441\u043e\u0440 (CPU)<\/td>\n<td data-col-size=\"lg\" data-start=\"356\" data-end=\"490\">Intel\u202fCore\u202fi3\u201110100, 4 \u044f\u0434\u0440\u0430, \u0431\u0430\u0437\u043e\u0432\u0430\u044f \u0447\u0430\u0441\u0442\u043e\u0442\u0430 3.6\u202f\u0413\u0413\u0446<\/td>\n<\/tr>\n<tr data-start=\"491\" data-end=\"556\">\n<td data-start=\"491\" data-end=\"504\" data-col-size=\"sm\">\u0427\u0438\u043f\u0441\u0435\u0442<\/td>\n<td data-col-size=\"lg\" data-start=\"504\" data-end=\"556\">Intel\u202fH470<\/td>\n<\/tr>\n<tr data-start=\"557\" data-end=\"651\">\n<td data-start=\"557\" data-end=\"582\" data-col-size=\"sm\">\u041e\u043f\u0435\u0440\u0430\u0442\u0438\u0432\u043d\u0430\u044f \u043f\u0430\u043c\u044f\u0442\u044c<\/td>\n<td data-col-size=\"lg\" data-start=\"582\" data-end=\"651\">4\u202fGB DDR4\u20112666\u202fMHz (1\u00d74\u202fGB)<\/td>\n<\/tr>\n<tr data-start=\"652\" data-end=\"764\">\n<td data-start=\"652\" data-end=\"681\" data-col-size=\"sm\">\u041c\u0430\u043a\u0441\u0438\u043c\u0430\u043b\u044c\u043d\u044b\u0439 \u043e\u0431\u044a\u0451\u043c RAM<\/td>\n<td data-col-size=\"lg\" data-start=\"681\" data-end=\"764\">\u0434\u043e 64\u202fGB (2\u00d7DIMM) \u2013 \u043e\u0431\u044b\u0447\u043d\u043e \u0434\u0432\u0430 \u0441\u043b\u043e\u0442\u0430 DIMM<\/td>\n<\/tr>\n<tr data-start=\"765\" data-end=\"862\">\n<td data-start=\"765\" data-end=\"782\" data-col-size=\"sm\">\u0412\u0438\u0434\u0435\u043e\u043a\u0430\u0440\u0442\u0430<\/td>\n<td data-col-size=\"lg\" data-start=\"782\" data-end=\"862\">\u0418\u043d\u0442\u0435\u0433\u0440\u0438\u0440\u043e\u0432\u0430\u043d\u043d\u0430\u044f Intel\u202fUHD Graphics\u202f630<\/td>\n<\/tr>\n<tr data-start=\"863\" data-end=\"963\">\n<td data-start=\"863\" data-end=\"888\" data-col-size=\"sm\">\u0416\u0435\u0441\u0442\u043a\u0438\u0439 \u0434\u0438\u0441\u043a (HDD)<\/td>\n<td data-col-size=\"lg\" data-start=\"888\" data-end=\"963\">1\u202fTB (1000\u202fGB), 7200\u202frpm SATA HDD<\/td>\n<\/tr>\n<tr data-start=\"964\" data-end=\"1064\">\n<td data-start=\"964\" data-end=\"988\" data-col-size=\"sm\">\u041e\u043f\u0442\u0438\u0447\u0435\u0441\u043a\u0438\u0439 \u043f\u0440\u0438\u0432\u043e\u0434<\/td>\n<td data-col-size=\"lg\" data-start=\"988\" data-end=\"1064\">HP 9,5\u202fmm Slim DVD\u2011Writer (DVD\u2011RW)<\/td>\n<\/tr>\n<tr data-start=\"1065\" data-end=\"1155\">\n<td data-start=\"1065\" data-end=\"1085\" data-col-size=\"sm\">\u0421\u0435\u0442\u0435\u0432\u0430\u044f \u043a\u0430\u0440\u0442\u0430<\/td>\n<td data-start=\"1085\" data-end=\"1155\" data-col-size=\"lg\">Gigabit Ethernet 10\/100\/1000<\/td>\n<\/tr>\n<tr data-start=\"1156\" data-end=\"1299\">\n<td data-start=\"1156\" data-end=\"1181\" data-col-size=\"sm\">\u0411\u0435\u0441\u043f\u0440\u043e\u0432\u043e\u0434\u043d\u0430\u044f \u0441\u0432\u044f\u0437\u044c<\/td>\n<td data-col-size=\"lg\" data-start=\"1181\" data-end=\"1299\">\u0412\u043e\u0437\u043c\u043e\u0436\u043d\u0430 \u043a\u043e\u043d\u0444\u0438\u0433\u0443\u0440\u0430\u0446\u0438\u044f \u0441 Wi\u2011Fi 802.11ac \u0438 Bluetooth<\/td>\n<\/tr>\n<tr data-start=\"1300\" data-end=\"1398\">\n<td data-start=\"1300\" data-end=\"1312\" data-col-size=\"sm\">\u0410\u0443\u0434\u0438\u043e<\/td>\n<td data-col-size=\"lg\" data-start=\"1312\" data-end=\"1398\">Realtek HD Audio, \u0432\u0441\u0442\u0440\u043e\u0435\u043d\u043d\u044b\u0439 \u0430\u0443\u0434\u0438\u043e \u0440\u0430\u0437\u044a\u0451\u043c\u044b<\/td>\n<\/tr>\n<tr data-start=\"1399\" data-end=\"1582\">\n<td data-start=\"1399\" data-end=\"1419\" data-col-size=\"sm\">\u041f\u043e\u0440\u0442\u044b \u0441\u043f\u0435\u0440\u0435\u0434\u0438<\/td>\n<td data-col-size=\"lg\" data-start=\"1419\" data-end=\"1582\">1\u00d7\u043a\u043e\u043c\u0431\u043e \u0430\u0443\u0434\u0438\u043e (\u043d\u0430\u0443\u0448\u043d\u0438\u043a\u0438\/\u043c\u0438\u043a\u0440\u043e\u0444\u043e\u043d), 4\u00d7USB 3.2 Gen1, 2\u00d7USB 3.2 Gen2<\/td>\n<\/tr>\n<tr data-start=\"1583\" data-end=\"1722\">\n<td data-start=\"1583\" data-end=\"1601\" data-col-size=\"sm\">\u041f\u043e\u0440\u0442\u044b \u0441\u0437\u0430\u0434\u0438<\/td>\n<td data-col-size=\"lg\" data-start=\"1601\" data-end=\"1722\">1\u00d7HDMI, 1\u00d7VGA, 1\u00d7RJ\u201145 (LAN), 1\u00d7\u0441\u0435\u0440\u0438\u0439\u043d\u044b\u0439 \u043f\u043e\u0440\u0442, 2\u00d7USB\u202f2.0, \u0440\u0430\u0437\u044a\u0451\u043c\u044b Line\u2011In\/Out<\/td>\n<\/tr>\n<tr data-start=\"1723\" data-end=\"1865\">\n<td data-start=\"1723\" data-end=\"1746\" data-col-size=\"sm\">\u0421\u043b\u043e\u0442\u044b \u0440\u0430\u0441\u0448\u0438\u0440\u0435\u043d\u0438\u044f<\/td>\n<td data-col-size=\"lg\" data-start=\"1746\" data-end=\"1865\">1\u00d7PCIe x16, 1\u00d7PCIe x1, M.2 \u0434\u043b\u044f WLAN \u0438 M.2 \u0434\u043b\u044f \u0445\u0440\u0430\u043d\u0438\u043b\u0438\u0449\u0430 (\u0437\u0430\u0432\u0438\u0441\u0438\u0442 \u043e\u0442 \u043c\u043e\u0434\u0435\u043b\u0438)<\/td>\n<\/tr>\n<tr data-start=\"1866\" data-end=\"1977\">\n<td data-start=\"1866\" data-end=\"1898\" data-col-size=\"sm\">\u0414\u043e\u043f\u043e\u043b\u043d\u0438\u0442\u0435\u043b\u044c\u043d\u043e \u0432 \u043a\u043e\u043c\u043f\u043b\u0435\u043a\u0442\u0435<\/td>\n<td data-start=\"1898\" data-end=\"1977\" data-col-size=\"lg\">\u041a\u043b\u0430\u0432\u0438\u0430\u0442\u0443\u0440\u0430 \u0438 \u043c\u044b\u0448\u044c USB (\u0432 \u043a\u043e\u043c\u043f\u043b\u0435\u043a\u0442\u0435)<\/td>\n<\/tr>\n<tr data-start=\"1978\" data-end=\"2094\">\n<td data-start=\"1978\" data-end=\"2005\" data-col-size=\"sm\">\u041e\u043f\u0435\u0440\u0430\u0446\u0438\u043e\u043d\u043d\u0430\u044f \u0441\u0438\u0441\u0442\u0435\u043c\u0430<\/td>\n<td data-col-size=\"lg\" data-start=\"2005\" data-end=\"2094\">FreeDOS \u0438\u043b\u0438 Windows (\u0437\u0430\u0432\u0438\u0441\u0438\u0442 \u043e\u0442 \u043a\u043e\u043c\u043f\u043b\u0435\u043a\u0442\u0430\u0446\u0438\u0438)<\/td>\n<\/tr>\n<tr data-start=\"2095\" data-end=\"2184\">\n<td data-start=\"2095\" data-end=\"2121\" data-col-size=\"sm\">\u0413\u0430\u0431\u0430\u0440\u0438\u0442\u044b (\u043f\u0440\u0438\u043c\u0435\u0440\u043d\u043e)<\/td>\n<td data-col-size=\"lg\" data-start=\"2121\" data-end=\"2184\">155 \u00d7 303 \u00d7 337\u202f\u043c\u043c<\/td>\n<\/tr>\n<tr data-start=\"2185\" data-end=\"2246\">\n<td data-start=\"2185\" data-end=\"2195\" data-col-size=\"sm\">\u0412\u0435\u0441<\/td>\n<td data-start=\"2195\" data-end=\"2246\" data-col-size=\"lg\">4.7\u202f\u043a\u0433<\/td>\n<\/tr>\n<\/tbody>\n<\/table>\n<p><\/p>","protected":false},"excerpt":{"rendered":"<p>\u041c\u043e\u0434\u0435\u043b\u044c HP\u202f290\u202fG4 \u0424\u043e\u0440\u043c\u2011\u0444\u0430\u043a\u0442\u043e\u0440 Microtower \u041f\u0440\u043e\u0446\u0435\u0441\u0441\u043e\u0440 (CPU) Intel\u202fCore\u202fi3\u201110100, 4 \u044f\u0434\u0440\u0430, \u0431\u0430\u0437\u043e\u0432\u0430\u044f \u0447\u0430\u0441\u0442\u043e\u0442\u0430 3.6\u202f\u0413\u0413\u0446 \u0427\u0438\u043f\u0441\u0435\u0442 Intel\u202fH470 \u041e\u043f\u0435\u0440\u0430\u0442\u0438\u0432\u043d\u0430\u044f \u043f\u0430\u043c\u044f\u0442\u044c 4\u202fGB DDR4\u20112666\u202fMHz (1\u00d74\u202fGB) \u041c\u0430\u043a\u0441\u0438\u043c\u0430\u043b\u044c\u043d\u044b\u0439 \u043e\u0431\u044a\u0451\u043c RAM \u0434\u043e 64\u202fGB (2\u00d7DIMM) \u2013 \u043e\u0431\u044b\u0447\u043d\u043e \u0434\u0432\u0430 \u0441\u043b\u043e\u0442\u0430 DIMM \u0412\u0438\u0434\u0435\u043e\u043a\u0430\u0440\u0442\u0430 \u0418\u043d\u0442\u0435\u0433\u0440\u0438\u0440\u043e\u0432\u0430\u043d\u043d\u0430\u044f Intel\u202fUHD Graphics\u202f630 \u0416\u0435\u0441\u0442\u043a\u0438\u0439 \u0434\u0438\u0441\u043a (HDD) 1\u202fTB (1000\u202fGB), 7200\u202frpm &hellip; <a href=\"https:\/\/mihome.az\/ru\/shop\/tablets-notebooks\/notebook-accessories\/masaustu-komputer-hp-290-g4-i3-10100\/\">Readmore<\/a><\/p>\n","protected":false},"featured_media":81929,"template":"","meta":[],"product_cat":[165,183],"product_tag":[],"class_list":{"0":"post-81928","1":"product","2":"type-product","3":"status-publish","4":"has-post-thumbnail","6":"product_cat-tablets-notebooks","7":"product_cat-notebook-accessories","9":"first","10":"onbackorder","11":"sale","12":"shipping-taxable","13":"purchasable","14":"product-type-simple"},"_links":{"self":[{"href":"https:\/\/mihome.az\/ru\/wp-json\/wp\/v2\/product\/81928","targetHints":{"allow":["GET"]}}],"collection":[{"href":"https:\/\/mihome.az\/ru\/wp-json\/wp\/v2\/product"}],"about":[{"href":"https:\/\/mihome.az\/ru\/wp-json\/wp\/v2\/types\/product"}],"wp:featuredmedia":[{"embeddable":true,"href":"https:\/\/mihome.az\/ru\/wp-json\/wp\/v2\/media\/81929"}],"wp:attachment":[{"href":"https:\/\/mihome.az\/ru\/wp-json\/wp\/v2\/media?parent=81928"}],"wp:term":[{"taxonomy":"product_cat","embeddable":true,"href":"https:\/\/mihome.az\/ru\/wp-json\/wp\/v2\/product_cat?post=81928"},{"taxonomy":"product_tag","embeddable":true,"href":"https:\/\/mihome.az\/ru\/wp-json\/wp\/v2\/product_tag?post=81928"}],"curies":[{"name":"wp","href":"https:\/\/api.w.org\/{rel}","templated":true}]}}