{"id":82343,"date":"2026-01-19T17:46:20","date_gmt":"2026-01-19T13:46:20","guid":{"rendered":"https:\/\/mihome.az\/?post_type=product&#038;p=82343"},"modified":"2026-01-19T17:47:55","modified_gmt":"2026-01-19T13:47:55","slug":"xiaomi-tv-s-pro-mini-led-65-2026-l65mb-sme","status":"publish","type":"product","link":"https:\/\/mihome.az\/ru\/shop\/tv\/televizorlar\/xiaomi-tv-s-pro-mini-led-65-2026-l65mb-sme\/","title":{"rendered":"Xiaomi TV S Pro Mini LED 65 2026 (L65MB-SME)"},"content":{"rendered":"<p><\/p>\n<table width=\"887\">\n<tbody>\n<tr data-start=\"154\" data-end=\"215\">\n<td width=\"193\" data-start=\"154\" data-end=\"167\" data-col-size=\"sm\">\u041c\u043e\u0434\u0435\u043b\u044c<\/td>\n<td width=\"694\" data-col-size=\"lg\" data-start=\"167\" data-end=\"215\">Xiaomi TV S Pro Mini LED 65 2026 (L65MB-SME)<\/td>\n<\/tr>\n<tr data-start=\"216\" data-end=\"255\">\n<td data-start=\"216\" data-end=\"239\" data-col-size=\"sm\">\u0414\u0438\u0430\u0433\u043e\u043d\u0430\u043b\u044c \u044d\u043a\u0440\u0430\u043d\u0430<\/td>\n<td data-col-size=\"lg\" data-start=\"239\" data-end=\"255\">65\u2033 (165 \u0441\u043c)<\/td>\n<\/tr>\n<tr data-start=\"256\" data-end=\"309\">\n<td data-start=\"256\" data-end=\"273\" data-col-size=\"sm\">\u0422\u0438\u043f \u044d\u043a\u0440\u0430\u043d\u0430<\/td>\n<td data-col-size=\"lg\" data-start=\"273\" data-end=\"309\">QD-Mini LED (Mini LED \u043f\u043e\u0434\u0441\u0432\u0435\u0442\u043a\u0430)<\/td>\n<\/tr>\n<tr data-start=\"310\" data-end=\"351\">\n<td data-start=\"310\" data-end=\"327\" data-col-size=\"sm\">\u0420\u0430\u0437\u0440\u0435\u0448\u0435\u043d\u0438\u0435<\/td>\n<td data-col-size=\"lg\" data-start=\"327\" data-end=\"351\">4K UHD (3840 \u00d7 2160)<\/td>\n<\/tr>\n<tr data-start=\"352\" data-end=\"407\">\n<td data-start=\"352\" data-end=\"372\" data-col-size=\"sm\">\u0413\u043b\u0443\u0431\u0438\u043d\u0430 \u0446\u0432\u0435\u0442\u0430<\/td>\n<td data-col-size=\"lg\" data-start=\"372\" data-end=\"407\">1,07 \u043c\u043b\u0440\u0434 \u0446\u0432\u0435\u0442\u043e\u0432 (10-bit + FRC)<\/td>\n<\/tr>\n<tr data-start=\"408\" data-end=\"445\">\n<td data-start=\"408\" data-end=\"430\" data-col-size=\"sm\">\u041f\u0438\u043a\u043e\u0432\u0430\u044f \u044f\u0440\u043a\u043e\u0441\u0442\u044c<\/td>\n<td data-col-size=\"lg\" data-start=\"430\" data-end=\"445\">\u0414\u043e 1700 \u043d\u0438\u0442<\/td>\n<\/tr>\n<tr data-start=\"446\" data-end=\"529\">\n<td data-start=\"446\" data-end=\"473\" data-col-size=\"sm\">\u041a\u043e\u043d\u0442\u0440\u0430\u0441\u0442 \u0438 \u043f\u043e\u0434\u0441\u0432\u0435\u0442\u043a\u0430<\/td>\n<td data-col-size=\"lg\" data-start=\"473\" data-end=\"529\">\u0414\u0438\u043d\u0430\u043c\u0438\u0447\u0435\u0441\u043a\u0438\u0439 \u043a\u043e\u043d\u0442\u0440\u0430\u0441\u0442, \u0441\u0438\u0441\u0442\u0435\u043c\u0430 \u043b\u043e\u043a\u0430\u043b\u044c\u043d\u043e\u0433\u043e \u0437\u0430\u0442\u0435\u043c\u043d\u0435\u043d\u0438\u044f<\/td>\n<\/tr>\n<tr data-start=\"530\" data-end=\"565\">\n<td data-start=\"530\" data-end=\"555\" data-col-size=\"sm\">\u0427\u0430\u0441\u0442\u043e\u0442\u0430 \u043e\u0431\u043d\u043e\u0432\u043b\u0435\u043d\u0438\u044f<\/td>\n<td data-col-size=\"lg\" data-start=\"555\" data-end=\"565\">144 \u0413\u0446<\/td>\n<\/tr>\n<tr data-start=\"566\" data-end=\"599\">\n<td data-start=\"566\" data-end=\"584\" data-col-size=\"sm\">\u0423\u0433\u043b\u044b \u043e\u0431\u0437\u043e\u0440\u0430<\/td>\n<td data-col-size=\"lg\" data-start=\"584\" data-end=\"599\">178\u00b0 \/ 178\u00b0<\/td>\n<\/tr>\n<tr data-start=\"600\" data-end=\"665\">\n<td data-start=\"600\" data-end=\"620\" data-col-size=\"sm\">\u041f\u043e\u0434\u0434\u0435\u0440\u0436\u043a\u0430 HDR<\/td>\n<td data-col-size=\"lg\" data-start=\"620\" data-end=\"665\">Dolby Vision, HDR10+, HLG, Filmmaker Mode<\/td>\n<\/tr>\n<tr data-start=\"666\" data-end=\"704\">\n<td data-start=\"666\" data-end=\"691\" data-col-size=\"sm\">Smart TV \u043f\u043b\u0430\u0442\u0444\u043e\u0440\u043c\u0430<\/td>\n<td data-col-size=\"lg\" data-start=\"691\" data-end=\"704\">Google TV<\/td>\n<\/tr>\n<tr data-start=\"705\" data-end=\"751\">\n<td data-start=\"705\" data-end=\"727\" data-col-size=\"sm\">\u041f\u0440\u043e\u0446\u0435\u0441\u0441\u043e\u0440 (CPU)<\/td>\n<td data-col-size=\"lg\" data-start=\"727\" data-end=\"751\">Quad-core Cortex-A73<\/td>\n<\/tr>\n<tr data-start=\"752\" data-end=\"802\">\n<td data-start=\"752\" data-end=\"786\" data-col-size=\"sm\">\u0413\u0440\u0430\u0444\u0438\u0447\u0435\u0441\u043a\u0438\u0439 \u043f\u0440\u043e\u0446\u0435\u0441\u0441\u043e\u0440 (GPU)<\/td>\n<td data-col-size=\"lg\" data-start=\"786\" data-end=\"802\">Mali-G52 MC1<\/td>\n<\/tr>\n<tr data-start=\"803\" data-end=\"879\">\n<td data-start=\"803\" data-end=\"841\" data-col-size=\"sm\">\u041e\u043f\u0435\u0440\u0430\u0442\u0438\u0432\u043d\u0430\u044f \/ \u0432\u043d\u0443\u0442\u0440\u0435\u043d\u043d\u044f\u044f \u043f\u0430\u043c\u044f\u0442\u044c<\/td>\n<td data-col-size=\"lg\" data-start=\"841\" data-end=\"879\">3 \u0413\u0411 RAM \/ 32 \u0413\u0411 \u0432\u0441\u0442\u0440\u043e\u0435\u043d\u043d\u043e\u0439 \u043f\u0430\u043c\u044f\u0442\u0438<\/td>\n<\/tr>\n<tr data-start=\"880\" data-end=\"935\">\n<td data-start=\"880\" data-end=\"899\" data-col-size=\"sm\">\u0410\u0443\u0434\u0438\u043e\u0441\u0438\u0441\u0442\u0435\u043c\u0430<\/td>\n<td data-col-size=\"lg\" data-start=\"899\" data-end=\"935\">2 \u00d7 15 \u0412\u0442, \u043f\u043e\u0434\u0434\u0435\u0440\u0436\u043a\u0430 Dolby Atmos<\/td>\n<\/tr>\n<tr data-start=\"936\" data-end=\"1004\">\n<td data-start=\"936\" data-end=\"966\" data-col-size=\"sm\">\u0411\u0435\u0441\u043f\u0440\u043e\u0432\u043e\u0434\u043d\u044b\u0435 \u0438\u043d\u0442\u0435\u0440\u0444\u0435\u0439\u0441\u044b<\/td>\n<td data-col-size=\"lg\" data-start=\"966\" data-end=\"1004\">Wi-Fi 6 (dual-band), Bluetooth 5.2<\/td>\n<\/tr>\n<tr data-start=\"1005\" data-end=\"1146\">\n<td data-start=\"1005\" data-end=\"1027\" data-col-size=\"sm\">\u041f\u043e\u0440\u0442\u044b \u0438 \u0440\u0430\u0437\u044a\u0451\u043c\u044b<\/td>\n<td data-col-size=\"lg\" data-start=\"1027\" data-end=\"1146\">3 \u00d7 HDMI 2.1 (CEC, ALLM, VRR), eARC, 2 \u00d7 USB (1 \u00d7 3.0 + 1 \u00d7 2.0), RJ-45 (Ethernet), \u043e\u043f\u0442\u0438\u0447\u0435\u0441\u043a\u0438\u0439 \u0432\u044b\u0445\u043e\u0434, \u0440\u0430\u0437\u044a\u0451\u043c 3.5 \u043c\u043c<\/td>\n<\/tr>\n<tr data-start=\"1147\" data-end=\"1190\">\n<td data-start=\"1147\" data-end=\"1163\" data-col-size=\"sm\">\u0422\u0412-\u0442\u044e\u043d\u0435\u0440\u044b<\/td>\n<td data-col-size=\"lg\" data-start=\"1163\" data-end=\"1190\">DVB-T2 \/ DVB-C \/ DVB-S2<\/td>\n<\/tr>\n<tr data-start=\"1191\" data-end=\"1228\">\n<td data-start=\"1191\" data-end=\"1212\" data-col-size=\"sm\">\u041a\u0440\u0435\u043f\u043b\u0435\u043d\u0438\u0435 VESA<\/td>\n<td data-col-size=\"lg\" data-start=\"1212\" data-end=\"1228\">300 \u00d7 300 \u043c\u043c<\/td>\n<\/tr>\n<tr data-start=\"1229\" data-end=\"1279\">\n<td data-start=\"1229\" data-end=\"1257\" data-col-size=\"sm\">\u0420\u0430\u0437\u043c\u0435\u0440\u044b \u0431\u0435\u0437 \u043f\u043e\u0434\u0441\u0442\u0430\u0432\u043a\u0438<\/td>\n<td data-col-size=\"lg\" data-start=\"1257\" data-end=\"1279\">1444 \u00d7 831 \u00d7 72 \u043c\u043c<\/td>\n<\/tr>\n<tr data-start=\"1280\" data-end=\"1330\">\n<td data-start=\"1280\" data-end=\"1307\" data-col-size=\"sm\">\u0420\u0430\u0437\u043c\u0435\u0440\u044b \u0441 \u043f\u043e\u0434\u0441\u0442\u0430\u0432\u043a\u043e\u0439<\/td>\n<td data-col-size=\"lg\" data-start=\"1307\" data-end=\"1330\">1444 \u00d7 902 \u00d7 330 \u043c\u043c<\/td>\n<\/tr>\n<tr data-start=\"1331\" data-end=\"1387\">\n<td data-start=\"1331\" data-end=\"1341\" data-col-size=\"sm\">\u0412\u0435\u0441<\/td>\n<td data-col-size=\"lg\" data-start=\"1341\" data-end=\"1387\">\u041f\u0440\u0438\u043c\u0435\u0440\u043d\u043e 18 \u2013 19,9 \u043a\u0433 (\u0441 \u043f\u043e\u0434\u0441\u0442\u0430\u0432\u043a\u043e\u0439 \/ \u0431\u0435\u0437)<\/td>\n<\/tr>\n<tr data-start=\"1388\" data-end=\"1431\">\n<td data-start=\"1388\" data-end=\"1407\" data-col-size=\"sm\">\u0426\u0432\u0435\u0442 \u043a\u043e\u0440\u043f\u0443\u0441\u0430<\/td>\n<td data-col-size=\"lg\" data-start=\"1407\" data-end=\"1431\">\u0427\u0451\u0440\u043d\u044b\u0439 \/ \u0442\u0451\u043c\u043d\u043e-\u0441\u0435\u0440\u044b\u0439<\/td>\n<\/tr>\n<tr data-start=\"1432\" data-end=\"1490\">\n<td data-start=\"1432\" data-end=\"1466\" data-col-size=\"sm\">\u041f\u0438\u0442\u0430\u043d\u0438\u0435 \u0438 \u044d\u043d\u0435\u0440\u0433\u043e\u043f\u043e\u0442\u0440\u0435\u0431\u043b\u0435\u043d\u0438\u0435<\/td>\n<td data-col-size=\"lg\" data-start=\"1466\" data-end=\"1490\">200\u2013240 \u0412, \u0434\u043e 280 \u0412\u0442<\/td>\n<\/tr>\n<tr data-start=\"1491\" data-end=\"1520\">\n<td data-start=\"1491\" data-end=\"1506\" data-col-size=\"sm\">\u0413\u0430\u0440\u0430\u043d\u0442\u0438\u044f<\/td>\n<td data-col-size=\"lg\" data-start=\"1506\" data-end=\"1520\">12 \u043c\u0435\u0441\u044f\u0446\u0435\u0432<\/td>\n<\/tr>\n<\/tbody>\n<\/table>\n<p><\/p>","protected":false},"excerpt":{"rendered":"<p>\u041c\u043e\u0434\u0435\u043b\u044c Xiaomi TV S Pro Mini LED 65 2026 (L65MB-SME) \u0414\u0438\u0430\u0433\u043e\u043d\u0430\u043b\u044c \u044d\u043a\u0440\u0430\u043d\u0430 65\u2033 (165 \u0441\u043c) \u0422\u0438\u043f \u044d\u043a\u0440\u0430\u043d\u0430 QD-Mini LED (Mini LED \u043f\u043e\u0434\u0441\u0432\u0435\u0442\u043a\u0430) \u0420\u0430\u0437\u0440\u0435\u0448\u0435\u043d\u0438\u0435 4K UHD (3840 \u00d7 2160) \u0413\u043b\u0443\u0431\u0438\u043d\u0430 \u0446\u0432\u0435\u0442\u0430 1,07 \u043c\u043b\u0440\u0434 \u0446\u0432\u0435\u0442\u043e\u0432 (10-bit + FRC) \u041f\u0438\u043a\u043e\u0432\u0430\u044f \u044f\u0440\u043a\u043e\u0441\u0442\u044c \u0414\u043e 1700 &hellip; <a href=\"https:\/\/mihome.az\/ru\/shop\/tv\/televizorlar\/xiaomi-tv-s-pro-mini-led-65-2026-l65mb-sme\/\">Readmore<\/a><\/p>\n","protected":false},"featured_media":82345,"template":"","meta":[],"product_cat":[162,194],"product_tag":[],"class_list":{"0":"post-82343","1":"product","2":"type-product","3":"status-publish","4":"has-post-thumbnail","6":"product_cat-tv","7":"product_cat-televizorlar","9":"first","10":"instock","11":"sale","12":"shipping-taxable","13":"purchasable","14":"product-type-simple"},"_links":{"self":[{"href":"https:\/\/mihome.az\/ru\/wp-json\/wp\/v2\/product\/82343","targetHints":{"allow":["GET"]}}],"collection":[{"href":"https:\/\/mihome.az\/ru\/wp-json\/wp\/v2\/product"}],"about":[{"href":"https:\/\/mihome.az\/ru\/wp-json\/wp\/v2\/types\/product"}],"wp:featuredmedia":[{"embeddable":true,"href":"https:\/\/mihome.az\/ru\/wp-json\/wp\/v2\/media\/82345"}],"wp:attachment":[{"href":"https:\/\/mihome.az\/ru\/wp-json\/wp\/v2\/media?parent=82343"}],"wp:term":[{"taxonomy":"product_cat","embeddable":true,"href":"https:\/\/mihome.az\/ru\/wp-json\/wp\/v2\/product_cat?post=82343"},{"taxonomy":"product_tag","embeddable":true,"href":"https:\/\/mihome.az\/ru\/wp-json\/wp\/v2\/product_tag?post=82343"}],"curies":[{"name":"wp","href":"https:\/\/api.w.org\/{rel}","templated":true}]}}