{"id":82676,"date":"2026-02-21T13:25:43","date_gmt":"2026-02-21T09:25:43","guid":{"rendered":"https:\/\/mihome.az\/?post_type=product&#038;p=82676"},"modified":"2026-02-21T13:28:49","modified_gmt":"2026-02-21T09:28:49","slug":"hava-t%c9%99mizl%c9%99yicisi-ucun-filtr-mi-smart-air-purifier-4-compact-filter-bhr5861gl","status":"publish","type":"product","link":"https:\/\/mihome.az\/ru\/shop\/meiset-cihazlari\/air-cleaners\/hava-t%c9%99mizl%c9%99yicisi-ucun-filtr-mi-smart-air-purifier-4-compact-filter-bhr5861gl\/","title":{"rendered":"\u0424\u0438\u043b\u044c\u0442\u0440 \u043e\u0447\u0438\u0441\u0442\u0438\u0442\u0435\u043b\u044f \u0432\u043e\u0437\u0434\u0443\u0445\u0430 Mi Smart Air Purifier 4 compact filter (BHR5861GL)"},"content":{"rendered":"<p><\/p>\n<table width=\"703\">\n<tbody>\n<tr data-start=\"268\" data-end=\"345\">\n<td width=\"211\" data-start=\"268\" data-end=\"287\" data-col-size=\"sm\">M\u0259hsulun ad\u0131<\/td>\n<td width=\"492\" data-start=\"287\" data-end=\"345\" data-col-size=\"md\">Xiaomi Smart Air Purifier 4 Compact Filter (BHR5861GL)<\/td>\n<\/tr>\n<tr data-start=\"346\" data-end=\"459\">\n<td data-start=\"346\" data-end=\"361\" data-col-size=\"sm\">Uy\u011funluq<\/td>\n<td data-start=\"361\" data-end=\"418\" data-col-size=\"md\">Yaln\u0131z Xiaomi Smart Air Purifier 4 Compact il\u0259 uy\u011fun<\/td>\n<\/tr>\n<tr data-start=\"460\" data-end=\"594\">\n<td data-start=\"460\" data-end=\"477\" data-col-size=\"sm\">Filtr tipi<\/td>\n<td data-start=\"477\" data-end=\"553\" data-col-size=\"md\">3\u2011\u00fc\u20111: \u0259sas filtr, y\u00fcks\u0259k s\u0259m\u0259r\u0259li filtr v\u0259 aktivl\u0259\u015fdirilmi\u015f k\u00f6m\u00fcr filtri<\/td>\n<\/tr>\n<tr data-start=\"595\" data-end=\"705\">\n<td data-start=\"595\" data-end=\"612\" data-col-size=\"sm\">\u018fsas filtr<\/td>\n<td data-col-size=\"md\" data-start=\"612\" data-end=\"664\">360\u00b0 b\u00f6y\u00fck hiss\u0259cikl\u0259ri (toz, t\u00fckl\u0259r v\u0259 s.) tutur<\/td>\n<\/tr>\n<tr data-start=\"706\" data-end=\"838\">\n<td data-start=\"706\" data-end=\"734\" data-col-size=\"sm\">Y\u00fcks\u0259k s\u0259m\u0259r\u0259li filtr<\/td>\n<td data-col-size=\"md\" data-start=\"734\" data-end=\"797\">0.3\u202f\u03bcm\u2011\u0259 q\u0259d\u0259r hiss\u0259cikl\u0259rin 99.97%\u2011ni tutma qabiliyy\u0259ti<\/td>\n<\/tr>\n<tr data-start=\"839\" data-end=\"936\">\n<td data-start=\"839\" data-end=\"864\" data-col-size=\"sm\">Aktiv k\u00f6m\u00fcr filtre<\/td>\n<td data-col-size=\"md\" data-start=\"864\" data-end=\"895\">Qoxu v\u0259 z\u0259r\u0259rli qazlar\u0131 udur<\/td>\n<\/tr>\n<tr data-start=\"937\" data-end=\"1036\">\n<td data-start=\"937\" data-end=\"972\" data-col-size=\"sm\">Filtrin \u00f6mr\u00fc (t\u0259klif edilir)<\/td>\n<td data-col-size=\"md\" data-start=\"972\" data-end=\"995\">T\u0259xmin\u0259n 6\u201312 ay<\/td>\n<\/tr>\n<tr data-start=\"1037\" data-end=\"1150\">\n<td data-start=\"1037\" data-end=\"1060\" data-col-size=\"sm\">Filtr d\u0259yi\u015fdirm\u0259<\/td>\n<td data-start=\"1060\" data-end=\"1109\" data-col-size=\"md\">A\u015fa\u011f\u0131dan f\u0131rlad\u0131b \u00e7\u0131xarmaqla asan d\u0259yi\u015fdirilir<\/td>\n<\/tr>\n<tr data-start=\"1151\" data-end=\"1255\">\n<td data-start=\"1151\" data-end=\"1181\" data-col-size=\"sm\">T\u0259miz hava ax\u0131n\u0131 (CADR)<\/td>\n<td data-start=\"1181\" data-end=\"1214\" data-col-size=\"md\">230\u202fm\u00b3\/saat (t\u0259miz hava ax\u0131n\u0131)<\/td>\n<\/tr>\n<tr data-start=\"1256\" data-end=\"1349\">\n<td data-start=\"1256\" data-end=\"1278\" data-col-size=\"sm\">M\u0259hsul \u00f6l\u00e7\u00fcl\u0259ri<\/td>\n<td data-start=\"1278\" data-end=\"1308\" data-col-size=\"md\">T\u0259xmin\u0259n \u03a6175\u202f\u00d7\u202fH171\u202fmm<\/td>\n<\/tr>\n<tr data-start=\"1350\" data-end=\"1470\">\n<td data-start=\"1350\" data-end=\"1361\" data-col-size=\"sm\">\u00c7\u0259ki<\/td>\n<td data-start=\"1361\" data-end=\"1427\" data-col-size=\"md\">T\u0259xmin\u0259n 0.4\u20130.56\u202fkg<\/td>\n<\/tr>\n<tr data-start=\"1471\" data-end=\"1546\">\n<td data-start=\"1471\" data-end=\"1482\" data-col-size=\"sm\">R\u0259ng<\/td>\n<td data-start=\"1482\" data-end=\"1503\" data-col-size=\"md\">A\u011f<\/td>\n<\/tr>\n<\/tbody>\n<\/table>\n<p><\/p>","protected":false},"excerpt":{"rendered":"<p>M\u0259hsulun ad\u0131 Xiaomi Smart Air Purifier 4 Compact Filter (BHR5861GL) Uy\u011funluq Yaln\u0131z Xiaomi Smart Air Purifier 4 Compact il\u0259 uy\u011fun Filtr tipi 3\u2011\u00fc\u20111: \u0259sas filtr, y\u00fcks\u0259k s\u0259m\u0259r\u0259li filtr v\u0259 aktivl\u0259\u015fdirilmi\u015f k\u00f6m\u00fcr filtri \u018fsas filtr 360\u00b0 b\u00f6y\u00fck hiss\u0259cikl\u0259ri (toz, t\u00fckl\u0259r v\u0259 &hellip; <a href=\"https:\/\/mihome.az\/ru\/shop\/meiset-cihazlari\/air-cleaners\/hava-t%c9%99mizl%c9%99yicisi-ucun-filtr-mi-smart-air-purifier-4-compact-filter-bhr5861gl\/\">Readmore<\/a><\/p>\n","protected":false},"featured_media":82678,"template":"","meta":[],"product_cat":[381,208],"product_tag":[],"class_list":{"0":"post-82676","1":"product","2":"type-product","3":"status-publish","4":"has-post-thumbnail","6":"product_cat-meiset-cihazlari","7":"product_cat-air-cleaners","9":"first","10":"instock","11":"sale","12":"shipping-taxable","13":"purchasable","14":"product-type-simple"},"_links":{"self":[{"href":"https:\/\/mihome.az\/ru\/wp-json\/wp\/v2\/product\/82676","targetHints":{"allow":["GET"]}}],"collection":[{"href":"https:\/\/mihome.az\/ru\/wp-json\/wp\/v2\/product"}],"about":[{"href":"https:\/\/mihome.az\/ru\/wp-json\/wp\/v2\/types\/product"}],"wp:featuredmedia":[{"embeddable":true,"href":"https:\/\/mihome.az\/ru\/wp-json\/wp\/v2\/media\/82678"}],"wp:attachment":[{"href":"https:\/\/mihome.az\/ru\/wp-json\/wp\/v2\/media?parent=82676"}],"wp:term":[{"taxonomy":"product_cat","embeddable":true,"href":"https:\/\/mihome.az\/ru\/wp-json\/wp\/v2\/product_cat?post=82676"},{"taxonomy":"product_tag","embeddable":true,"href":"https:\/\/mihome.az\/ru\/wp-json\/wp\/v2\/product_tag?post=82676"}],"curies":[{"name":"wp","href":"https:\/\/api.w.org\/{rel}","templated":true}]}}