{"id":82686,"date":"2026-02-21T14:27:54","date_gmt":"2026-02-21T10:27:54","guid":{"rendered":"https:\/\/mihome.az\/?post_type=product&#038;p=82686"},"modified":"2026-02-21T14:29:28","modified_gmt":"2026-02-21T10:29:28","slug":"mi-smart-water-dispenser-hot-and-cold-bhr8292eu","status":"publish","type":"product","link":"https:\/\/mihome.az\/ru\/shop\/meiset-cihazlari\/ev-uchun\/mi-smart-water-dispenser-hot-and-cold-bhr8292eu\/","title":{"rendered":"\u0423\u043c\u043d\u044b\u0439 \u0434\u0438\u0441\u043f\u0435\u043d\u0441\u0435\u0440 \u0434\u043b\u044f \u0432\u043e\u0434\u044b Mi (\u0433\u043e\u0440\u044f\u0447\u0430\u044f \u0438 \u0445\u043e\u043b\u043e\u0434\u043d\u0430\u044f) (BHR8292EU)"},"content":{"rendered":"<table width=\"546\">\n<tbody>\n<tr data-start=\"214\" data-end=\"276\">\n<td width=\"170\" data-start=\"214\" data-end=\"229\" data-col-size=\"sm\">M\u0259hsulun ad\u0131<\/td>\n<td width=\"376\" data-start=\"229\" data-end=\"276\" data-col-size=\"md\">Xiaomi Smart Water Dispenser (Hot and Cold)<\/td>\n<\/tr>\n<tr data-start=\"277\" data-end=\"309\">\n<td data-start=\"277\" data-end=\"285\" data-col-size=\"sm\">Model<\/td>\n<td data-start=\"285\" data-end=\"309\" data-col-size=\"md\">MJMY23\u2011A (BHR8292EU)<\/td>\n<\/tr>\n<tr data-start=\"310\" data-end=\"346\">\n<td data-start=\"310\" data-end=\"322\" data-col-size=\"sm\">G\u0259rginlik<\/td>\n<td data-col-size=\"md\" data-start=\"322\" data-end=\"346\">220\u2013240\u202fV, 50\/60\u202fHz<\/td>\n<\/tr>\n<tr data-start=\"347\" data-end=\"374\">\n<td data-start=\"347\" data-end=\"367\" data-col-size=\"sm\">Su \u00e7\u0259ninin tutumu<\/td>\n<td data-col-size=\"md\" data-start=\"367\" data-end=\"374\">3\u202fL<\/td>\n<\/tr>\n<tr data-start=\"375\" data-end=\"424\">\n<td data-start=\"375\" data-end=\"389\" data-col-size=\"sm\">Nominal g\u00fcc<\/td>\n<td data-col-size=\"md\" data-start=\"389\" data-end=\"424\">2250\u202fW (q\u0131zd\u0131rma\/h\u0259tta 2180\u202fW)<\/td>\n<\/tr>\n<tr data-start=\"425\" data-end=\"519\">\n<td data-start=\"425\" data-end=\"443\" data-col-size=\"sm\">Su isitm\u0259 vaxt\u0131<\/td>\n<td data-col-size=\"md\" data-start=\"443\" data-end=\"519\">T\u0259xmin\u0259n 3\u202fsaniy\u0259 (an\u0131nda isti su)<\/td>\n<\/tr>\n<tr data-start=\"520\" data-end=\"617\">\n<td data-start=\"520\" data-end=\"542\" data-col-size=\"sm\">\u0130sti su temperaturu<\/td>\n<td data-start=\"542\" data-end=\"617\" data-col-size=\"md\">T\u0259xmin\u0259n 40\u202f\u2013\u202f90\u202f\u00b0C (t\u0259nziml\u0259nir)<\/td>\n<\/tr>\n<tr data-start=\"618\" data-end=\"722\">\n<td data-start=\"618\" data-end=\"641\" data-col-size=\"sm\">Soyuq su temperaturu<\/td>\n<td data-start=\"641\" data-end=\"722\" data-col-size=\"md\">T\u0259xmin\u0259n 7\u202f\u2013\u202f15\u202f\u00b0C (soyutma funksiyas\u0131)<\/td>\n<\/tr>\n<tr data-start=\"723\" data-end=\"770\">\n<td data-start=\"723\" data-end=\"749\" data-col-size=\"sm\">Temperatur t\u0259nziml\u0259m\u0259si<\/td>\n<td data-col-size=\"md\" data-start=\"749\" data-end=\"770\">+1\u202f\u00b0C d\u0259qiqlikl\u0259<\/td>\n<\/tr>\n<tr data-start=\"771\" data-end=\"867\">\n<td data-start=\"771\" data-end=\"792\" data-col-size=\"sm\">S\u0259hif\u0259 s\u0259viyy\u0259l\u0259ri<\/td>\n<td data-col-size=\"md\" data-start=\"792\" data-end=\"867\">7\u00b0C, 45\u00b0C, 55\u00b0C, 60\u00b0C, 85\u00b0C, 90\u00b0C<\/td>\n<\/tr>\n<tr data-start=\"868\" data-end=\"992\">\n<td data-start=\"868\" data-end=\"888\" data-col-size=\"sm\">Preset su miqdar\u0131<\/td>\n<td data-start=\"888\" data-end=\"951\" data-col-size=\"md\">100\u202f\/\u202f300\u202f\/\u202f500\u202f\/\u202f800\u202fml (4 s\u00fcr\u0259tli se\u00e7im), avtomatik yadda\u015f<\/td>\n<\/tr>\n<tr data-start=\"993\" data-end=\"1095\">\n<td data-start=\"993\" data-end=\"1005\" data-col-size=\"sm\">LED ekran<\/td>\n<td data-start=\"1005\" data-end=\"1054\" data-col-size=\"md\">Digital LED v\u0259ziyy\u0259t v\u0259 temperatur g\u00f6st\u0259ricisi<\/td>\n<\/tr>\n<tr data-start=\"1096\" data-end=\"1192\">\n<td data-start=\"1096\" data-end=\"1125\" data-col-size=\"sm\">T\u0259hl\u00fck\u0259sizlik funksiyalar\u0131<\/td>\n<td data-col-size=\"md\" data-start=\"1125\" data-end=\"1151\">U\u015faq kilidi, gec\u0259 i\u015f\u0131\u011f\u0131<\/td>\n<\/tr>\n<tr data-start=\"1193\" data-end=\"1222\">\n<td data-start=\"1193\" data-end=\"1203\" data-col-size=\"sm\">A\u011f\u0131rl\u0131q<\/td>\n<td data-start=\"1203\" data-end=\"1222\" data-col-size=\"md\">T\u0259xmin\u0259n 3.3\u202fkg<\/td>\n<\/tr>\n<tr data-start=\"1223\" data-end=\"1293\">\n<td data-start=\"1223\" data-end=\"1233\" data-col-size=\"sm\">\u00d6l\u00e7\u00fcl\u0259r<\/td>\n<td data-start=\"1233\" data-end=\"1293\" data-col-size=\"md\">345 \u00d7 340 \u00d7 130\u202fmm<\/td>\n<\/tr>\n<tr data-start=\"1294\" data-end=\"1389\">\n<td data-start=\"1294\" data-end=\"1310\" data-col-size=\"sm\">Wi\u2011Fi \u0259laq\u0259si<\/td>\n<td data-start=\"1310\" data-end=\"1389\" data-col-size=\"md\">2.4\u202fGHz Wi\u2011Fi (Mi Home App d\u0259st\u0259yi)<\/td>\n<\/tr>\n<tr data-start=\"1390\" data-end=\"1486\">\n<td data-start=\"1390\" data-end=\"1406\" data-col-size=\"sm\">Uy\u011fun su n\u00f6v\u00fc<\/td>\n<td data-start=\"1406\" data-end=\"1486\" data-col-size=\"md\">Filtrd\u0259n ke\u00e7irilmi\u015f \/ t\u0259mizl\u0259nmi\u015f su<\/td>\n<\/tr>\n<tr data-start=\"1487\" data-end=\"1607\">\n<td data-start=\"1487\" data-end=\"1505\" data-col-size=\"sm\">Paket\u0259 daxildir<\/td>\n<td data-start=\"1505\" data-end=\"1607\" data-col-size=\"md\">Su dispenseri, su \u00e7\u0259ni, damc\u0131 tepsisi, istifad\u0259\u00e7i t\u0259limat\u0131<\/td>\n<\/tr>\n<\/tbody>\n<\/table>\n","protected":false},"excerpt":{"rendered":"<p>M\u0259hsulun ad\u0131 Xiaomi Smart Water Dispenser (Hot and Cold) Model MJMY23\u2011A (BHR8292EU) G\u0259rginlik 220\u2013240\u202fV, 50\/60\u202fHz Su \u00e7\u0259ninin tutumu 3\u202fL Nominal g\u00fcc 2250\u202fW (q\u0131zd\u0131rma\/h\u0259tta 2180\u202fW) Su isitm\u0259 vaxt\u0131 T\u0259xmin\u0259n 3\u202fsaniy\u0259 (an\u0131nda isti su) \u0130sti su temperaturu T\u0259xmin\u0259n 40\u202f\u2013\u202f90\u202f\u00b0C (t\u0259nziml\u0259nir) Soyuq su &hellip; <a href=\"https:\/\/mihome.az\/ru\/shop\/meiset-cihazlari\/ev-uchun\/mi-smart-water-dispenser-hot-and-cold-bhr8292eu\/\">Readmore<\/a><\/p>\n","protected":false},"featured_media":82687,"template":"","meta":[],"product_cat":[381,226],"product_tag":[],"class_list":{"0":"post-82686","1":"product","2":"type-product","3":"status-publish","4":"has-post-thumbnail","6":"product_cat-meiset-cihazlari","7":"product_cat-ev-uchun","9":"first","10":"instock","11":"sale","12":"shipping-taxable","13":"purchasable","14":"product-type-simple"},"_links":{"self":[{"href":"https:\/\/mihome.az\/ru\/wp-json\/wp\/v2\/product\/82686","targetHints":{"allow":["GET"]}}],"collection":[{"href":"https:\/\/mihome.az\/ru\/wp-json\/wp\/v2\/product"}],"about":[{"href":"https:\/\/mihome.az\/ru\/wp-json\/wp\/v2\/types\/product"}],"wp:featuredmedia":[{"embeddable":true,"href":"https:\/\/mihome.az\/ru\/wp-json\/wp\/v2\/media\/82687"}],"wp:attachment":[{"href":"https:\/\/mihome.az\/ru\/wp-json\/wp\/v2\/media?parent=82686"}],"wp:term":[{"taxonomy":"product_cat","embeddable":true,"href":"https:\/\/mihome.az\/ru\/wp-json\/wp\/v2\/product_cat?post=82686"},{"taxonomy":"product_tag","embeddable":true,"href":"https:\/\/mihome.az\/ru\/wp-json\/wp\/v2\/product_tag?post=82686"}],"curies":[{"name":"wp","href":"https:\/\/api.w.org\/{rel}","templated":true}]}}