{"id":82996,"date":"2026-02-26T11:45:32","date_gmt":"2026-02-26T07:45:32","guid":{"rendered":"https:\/\/mihome.az\/?post_type=product&#038;p=82996"},"modified":"2026-02-26T11:45:51","modified_gmt":"2026-02-26T07:45:51","slug":"idman-butulkasi-xiaomi-sport-bottle-xmydb01pl","status":"publish","type":"product","link":"https:\/\/mihome.az\/ru\/shop\/lifestyle\/seyahet-uchun\/idman-butulkasi-xiaomi-sport-bottle-xmydb01pl\/","title":{"rendered":"\u0421\u043f\u043e\u0440\u0442\u0438\u0432\u043d\u0430\u044f \u0431\u0443\u0442\u044b\u043b\u043a\u0430 Xiaomi Sport Bottle (XMYDB01PL)."},"content":{"rendered":"<p><\/p>\n<table width=\"607\">\n<tbody>\n<tr data-start=\"227\" data-end=\"286\">\n<td width=\"186\" data-start=\"227\" data-end=\"235\" data-col-size=\"sm\">Model<\/td>\n<td width=\"421\" data-col-size=\"md\" data-start=\"235\" data-end=\"286\">XMYDB01PL<\/td>\n<\/tr>\n<tr data-start=\"287\" data-end=\"367\">\n<td data-start=\"287\" data-end=\"300\" data-col-size=\"sm\">M\u0259hsul ad\u0131<\/td>\n<td data-start=\"300\" data-end=\"367\" data-col-size=\"md\">Xiaomi Sport Water Bottle<\/td>\n<\/tr>\n<tr data-start=\"368\" data-end=\"429\">\n<td data-start=\"368\" data-end=\"376\" data-col-size=\"sm\">H\u0259cmi<\/td>\n<td data-start=\"376\" data-end=\"429\" data-col-size=\"md\">1 L (litre)<\/td>\n<\/tr>\n<tr data-start=\"430\" data-end=\"490\">\n<td data-start=\"430\" data-end=\"438\" data-col-size=\"sm\">R\u0259ngi<\/td>\n<td data-start=\"438\" data-end=\"490\" data-col-size=\"md\">A\u011f (White)<\/td>\n<\/tr>\n<tr data-start=\"491\" data-end=\"558\">\n<td data-start=\"491\" data-end=\"502\" data-col-size=\"sm\">Net \u00e7\u0259ki<\/td>\n<td data-start=\"502\" data-end=\"558\" data-col-size=\"md\">T\u0259xmin\u0259n 280 g<\/td>\n<\/tr>\n<tr data-start=\"559\" data-end=\"635\">\n<td data-start=\"559\" data-end=\"577\" data-col-size=\"sm\">\u00d6l\u00e7\u00fcl\u0259r (HxDxD)<\/td>\n<td data-col-size=\"md\" data-start=\"577\" data-end=\"635\">227 \u00d7 96 \u00d7 84 mm<\/td>\n<\/tr>\n<tr data-start=\"636\" data-end=\"728\">\n<td data-start=\"636\" data-end=\"661\" data-col-size=\"sm\">Temperatur dayan\u0131ql\u0131\u011f\u0131<\/td>\n<td data-start=\"661\" data-end=\"728\" data-col-size=\"md\">-10 \u00b0C-d\u0259n +95 \u00b0C-\u0259 q\u0259d\u0259r<\/td>\n<\/tr>\n<tr data-start=\"729\" data-end=\"820\">\n<td data-start=\"729\" data-end=\"746\" data-col-size=\"sm\">\u015eok m\u00fcqavim\u0259ti<\/td>\n<td data-start=\"746\" data-end=\"820\" data-col-size=\"md\">Kategoriya B (impact resistance)<\/td>\n<\/tr>\n<tr data-start=\"821\" data-end=\"902\">\n<td data-start=\"821\" data-end=\"832\" data-col-size=\"sm\">Material<\/td>\n<td data-start=\"832\" data-end=\"902\" data-col-size=\"md\">Tritan (BPA-siz, t\u0259hl\u00fck\u0259siz)<\/td>\n<\/tr>\n<tr data-start=\"903\" data-end=\"995\">\n<td data-start=\"903\" data-end=\"916\" data-col-size=\"sm\">Qapaq tipi<\/td>\n<td data-start=\"916\" data-end=\"995\" data-col-size=\"md\">Bir d\u00fcym\u0259 il\u0259 a\u00e7\u0131lan flip-top qapaq<\/td>\n<\/tr>\n<tr data-start=\"996\" data-end=\"1094\">\n<td data-start=\"996\" data-end=\"1011\" data-col-size=\"sm\">S\u0131zd\u0131rmazl\u0131q<\/td>\n<td data-start=\"1011\" data-end=\"1094\" data-col-size=\"md\">360\u00b0 silikon m\u00f6h\u00fcr v\u0259 avtomatik qapanma<\/td>\n<\/tr>\n<tr data-start=\"1095\" data-end=\"1212\">\n<td data-start=\"1095\" data-end=\"1103\" data-col-size=\"sm\">Filtr<\/td>\n<td data-start=\"1103\" data-end=\"1212\" data-col-size=\"md\">\u00c7ay\/liflardak\u0131 meyv\u0259l\u0259r \u00fc\u00e7\u00fcn ayr\u0131ca filtr (separate tea strainer)<\/td>\n<\/tr>\n<tr data-start=\"1213\" data-end=\"1336\">\n<td data-start=\"1213\" data-end=\"1229\" data-col-size=\"sm\">Paket m\u0259zmunu<\/td>\n<td data-start=\"1229\" data-end=\"1336\" data-col-size=\"md\">Butulka \u00d7 1, keyfiyy\u0259t sertifikat\u0131 \u00d7 1, istifad\u0259\u00e7i t\u0259limat\u0131 \u00d7 1<\/td>\n<\/tr>\n<\/tbody>\n<\/table>\n<p><\/p>","protected":false},"excerpt":{"rendered":"<p>Model XMYDB01PL M\u0259hsul ad\u0131 Xiaomi Sport Water Bottle H\u0259cmi 1 L (litre) R\u0259ngi A\u011f (White) Net \u00e7\u0259ki T\u0259xmin\u0259n 280 g \u00d6l\u00e7\u00fcl\u0259r (HxDxD) 227 \u00d7 96 \u00d7 84 mm Temperatur dayan\u0131ql\u0131\u011f\u0131 -10 \u00b0C-d\u0259n +95 \u00b0C-\u0259 q\u0259d\u0259r \u015eok m\u00fcqavim\u0259ti Kategoriya B (impact &hellip; <a href=\"https:\/\/mihome.az\/ru\/shop\/lifestyle\/seyahet-uchun\/idman-butulkasi-xiaomi-sport-bottle-xmydb01pl\/\">Readmore<\/a><\/p>\n","protected":false},"featured_media":82997,"template":"","meta":[],"product_cat":[178,227],"product_tag":[],"class_list":{"0":"post-82996","1":"product","2":"type-product","3":"status-publish","4":"has-post-thumbnail","6":"product_cat-lifestyle","7":"product_cat-seyahet-uchun","9":"first","10":"instock","11":"sale","12":"shipping-taxable","13":"purchasable","14":"product-type-simple"},"_links":{"self":[{"href":"https:\/\/mihome.az\/ru\/wp-json\/wp\/v2\/product\/82996","targetHints":{"allow":["GET"]}}],"collection":[{"href":"https:\/\/mihome.az\/ru\/wp-json\/wp\/v2\/product"}],"about":[{"href":"https:\/\/mihome.az\/ru\/wp-json\/wp\/v2\/types\/product"}],"wp:featuredmedia":[{"embeddable":true,"href":"https:\/\/mihome.az\/ru\/wp-json\/wp\/v2\/media\/82997"}],"wp:attachment":[{"href":"https:\/\/mihome.az\/ru\/wp-json\/wp\/v2\/media?parent=82996"}],"wp:term":[{"taxonomy":"product_cat","embeddable":true,"href":"https:\/\/mihome.az\/ru\/wp-json\/wp\/v2\/product_cat?post=82996"},{"taxonomy":"product_tag","embeddable":true,"href":"https:\/\/mihome.az\/ru\/wp-json\/wp\/v2\/product_tag?post=82996"}],"curies":[{"name":"wp","href":"https:\/\/api.w.org\/{rel}","templated":true}]}}