{"id":82998,"date":"2026-02-26T11:51:48","date_gmt":"2026-02-26T07:51:48","guid":{"rendered":"https:\/\/mihome.az\/?post_type=product&#038;p=82998"},"modified":"2026-04-11T18:16:26","modified_gmt":"2026-04-11T14:16:26","slug":"mi-smart-projector-l1-bhr9417eu","status":"publish","type":"product","link":"https:\/\/mihome.az\/ru\/shop\/tv\/proyektor\/mi-smart-projector-l1-bhr9417eu\/","title":{"rendered":"Mi Smart Projector L1 (BHR9417EU)"},"content":{"rendered":"<p><\/p>\n<table width=\"683\">\n<tbody>\n<tr>\n<td width=\"174\">Model<\/td>\n<td width=\"509\">Xiaomi Smart Projector L1 (BHR9417EU)<\/td>\n<\/tr>\n<tr>\n<td>Ekran texnologiyas\u0131<\/td>\n<td>LCD<\/td>\n<\/tr>\n<tr>\n<td>Fiziki \u00f6l\u00e7\u00fc \/ \u00c7\u0259ki<\/td>\n<td>118\u00d7142\u00d7176 mm \/ 1.2 kg<\/td>\n<\/tr>\n<tr>\n<td>G\u00f6r\u00fcnt\u00fc \u00f6l\u00e7\u00fcs\u00fc<\/td>\n<td>40&#8243; \u2013 120&#8243;<\/td>\n<\/tr>\n<tr>\n<td>Nativ q\u0259tnam\u0259 (rezolyusiya)<\/td>\n<td>1920\u00d71080 px (Full HD)<\/td>\n<\/tr>\n<tr>\n<td>Parlaq i\u015f\u0131q (ANSI\/ISO lm)<\/td>\n<td>200 lm<\/td>\n<\/tr>\n<tr>\n<td>Aspekt nisb\u0259ti<\/td>\n<td>16:9<\/td>\n<\/tr>\n<tr>\n<td>Fokus n\u00f6v\u00fc<\/td>\n<td>Avtomatik fokus<\/td>\n<\/tr>\n<tr>\n<td>Throw nisb\u0259ti<\/td>\n<td>1.2:1<\/td>\n<\/tr>\n<tr>\n<td>Proyeksiya m\u0259saf\u0259si<\/td>\n<td>1\u20133 m<\/td>\n<\/tr>\n<tr>\n<td>\u018fm\u0259liyyat sistemi<\/td>\n<td>Android TV \/ Google TV<\/td>\n<\/tr>\n<tr>\n<td>Veb-streaming xidm\u0259tl\u0259ri<\/td>\n<td>Netflix, Disney+, Apple TV v\u0259 s. d\u0259st\u0259k<\/td>\n<\/tr>\n<tr>\n<td>S\u0259s sisteml\u0259ri<\/td>\n<td>2\u00d73 W Dolby Audio<\/td>\n<\/tr>\n<tr>\n<td>Bluetooth<\/td>\n<td>Bluetooth 5.0<\/td>\n<\/tr>\n<tr>\n<td>Wi-Fi<\/td>\n<td>2.4 GHz \/ 5 GHz (802.11 a\/b\/g\/n\/ac)<\/td>\n<\/tr>\n<tr>\n<td>Giri\u015f\/\u00c7\u0131x\u0131\u015flar<\/td>\n<td>HDMI\u00d71, USB-A\u00d71, 3.5 mm audio<\/td>\n<\/tr>\n<tr>\n<td>\u018flav\u0259 x\u00fcsusiyy\u0259tl\u0259r<\/td>\n<td>Google Cast, avtomatik trapets korreksiyas\u0131, s\u0259ssiz soyutma<\/td>\n<\/tr>\n<tr>\n<td>Enerji istehlak\u0131<\/td>\n<td>72 W<\/td>\n<\/tr>\n<tr>\n<td>R\u0259ng<\/td>\n<td>Qara<\/td>\n<\/tr>\n<\/tbody>\n<\/table>\n<p><\/p>","protected":false},"excerpt":{"rendered":"<p>Model Xiaomi Smart Projector L1 (BHR9417EU) Ekran texnologiyas\u0131 LCD Fiziki \u00f6l\u00e7\u00fc \/ \u00c7\u0259ki 118\u00d7142\u00d7176 mm \/ 1.2 kg G\u00f6r\u00fcnt\u00fc \u00f6l\u00e7\u00fcs\u00fc 40&#8243; \u2013 120&#8243; Nativ q\u0259tnam\u0259 (rezolyusiya) 1920\u00d71080 px (Full HD) Parlaq i\u015f\u0131q (ANSI\/ISO lm) 200 lm Aspekt nisb\u0259ti 16:9 Fokus &hellip; <a href=\"https:\/\/mihome.az\/ru\/shop\/tv\/proyektor\/mi-smart-projector-l1-bhr9417eu\/\">Readmore<\/a><\/p>\n","protected":false},"featured_media":82999,"template":"","meta":[],"product_cat":[376,162,198],"product_tag":[],"class_list":{"0":"post-82998","1":"product","2":"type-product","3":"status-publish","4":"has-post-thumbnail","6":"product_cat-super-teklifler","7":"product_cat-tv","8":"product_cat-proyektor","10":"first","11":"instock","12":"shipping-taxable","13":"purchasable","14":"product-type-simple"},"_links":{"self":[{"href":"https:\/\/mihome.az\/ru\/wp-json\/wp\/v2\/product\/82998","targetHints":{"allow":["GET"]}}],"collection":[{"href":"https:\/\/mihome.az\/ru\/wp-json\/wp\/v2\/product"}],"about":[{"href":"https:\/\/mihome.az\/ru\/wp-json\/wp\/v2\/types\/product"}],"wp:featuredmedia":[{"embeddable":true,"href":"https:\/\/mihome.az\/ru\/wp-json\/wp\/v2\/media\/82999"}],"wp:attachment":[{"href":"https:\/\/mihome.az\/ru\/wp-json\/wp\/v2\/media?parent=82998"}],"wp:term":[{"taxonomy":"product_cat","embeddable":true,"href":"https:\/\/mihome.az\/ru\/wp-json\/wp\/v2\/product_cat?post=82998"},{"taxonomy":"product_tag","embeddable":true,"href":"https:\/\/mihome.az\/ru\/wp-json\/wp\/v2\/product_tag?post=82998"}],"curies":[{"name":"wp","href":"https:\/\/api.w.org\/{rel}","templated":true}]}}