{"id":83960,"date":"2026-04-14T19:13:32","date_gmt":"2026-04-14T15:13:32","guid":{"rendered":"https:\/\/mihome.az\/?post_type=product&#038;p=83960"},"modified":"2026-04-14T19:13:32","modified_gmt":"2026-04-14T15:13:32","slug":"dograyici-bernesso-livo","status":"publish","type":"product","link":"https:\/\/mihome.az\/ru\/shop\/meiset-cihazlari\/ev-uchun\/dograyici-bernesso-livo\/","title":{"rendered":"Do\u011fray\u0131c\u0131  Bernesso Livo"},"content":{"rendered":"","protected":false},"excerpt":{"rendered":"","protected":false},"featured_media":83961,"template":"","meta":[],"product_cat":[381,226],"product_tag":[],"class_list":{"0":"post-83960","1":"product","2":"type-product","3":"status-publish","4":"has-post-thumbnail","6":"product_cat-meiset-cihazlari","7":"product_cat-ev-uchun","9":"first","10":"instock","11":"sale","12":"shipping-taxable","13":"purchasable","14":"product-type-simple"},"_links":{"self":[{"href":"https:\/\/mihome.az\/ru\/wp-json\/wp\/v2\/product\/83960","targetHints":{"allow":["GET"]}}],"collection":[{"href":"https:\/\/mihome.az\/ru\/wp-json\/wp\/v2\/product"}],"about":[{"href":"https:\/\/mihome.az\/ru\/wp-json\/wp\/v2\/types\/product"}],"wp:featuredmedia":[{"embeddable":true,"href":"https:\/\/mihome.az\/ru\/wp-json\/wp\/v2\/media\/83961"}],"wp:attachment":[{"href":"https:\/\/mihome.az\/ru\/wp-json\/wp\/v2\/media?parent=83960"}],"wp:term":[{"taxonomy":"product_cat","embeddable":true,"href":"https:\/\/mihome.az\/ru\/wp-json\/wp\/v2\/product_cat?post=83960"},{"taxonomy":"product_tag","embeddable":true,"href":"https:\/\/mihome.az\/ru\/wp-json\/wp\/v2\/product_tag?post=83960"}],"curies":[{"name":"wp","href":"https:\/\/api.w.org\/{rel}","templated":true}]}}