{"id":84245,"date":"2026-05-05T15:38:04","date_gmt":"2026-05-05T11:38:04","guid":{"rendered":"https:\/\/mihome.az\/?post_type=product&#038;p=84245"},"modified":"2026-05-05T15:38:04","modified_gmt":"2026-05-05T11:38:04","slug":"simsiz-qulaqliq-borofone-bw71-ag","status":"publish","type":"product","link":"https:\/\/mihome.az\/ru\/shop\/uncategorized\/simsiz-qulaqliq-borofone-bw71-ag\/","title":{"rendered":"\u0411\u0435\u0441\u043f\u0440\u043e\u0432\u043e\u0434\u043d\u044b\u0435 \u043d\u0430\u0443\u0448\u043d\u0438\u043a\u0438 Borofone BW71 ( \u0411\u0435\u043b\u044b\u0435 )"},"content":{"rendered":"<table>\n<tbody>\n<tr>\n<td width=\"311\"><strong>Tip: <\/strong><\/td>\n<td width=\"312\">TWS (tam simsiz qulaql\u0131q)<\/td>\n<\/tr>\n<tr>\n<td width=\"311\"><strong>Bluetooth &#8212; un versiyas\u0131: <\/strong><\/td>\n<td width=\"312\">5.4<\/td>\n<\/tr>\n<tr>\n<td width=\"311\"><strong>Dinamik: <\/strong><\/td>\n<td width=\"312\">13 mm<\/td>\n<\/tr>\n<tr>\n<td width=\"311\"><strong>\u0130\u015fl\u0259m\u0259 m\u00fcdd\u0259ti: <\/strong><\/td>\n<td width=\"312\">4 saata q\u0259d\u0259r<\/td>\n<\/tr>\n<tr>\n<td width=\"311\"><strong>Keis il\u0259 \u00fcmumi i\u015fl\u0259m\u0259: <\/strong><\/td>\n<td width=\"312\">20 saata q\u0259d\u0259r<\/td>\n<\/tr>\n<tr>\n<td width=\"311\"><strong>Keisin batareya tutumu: <\/strong><\/td>\n<td width=\"312\">300 mA\/saat<\/td>\n<\/tr>\n<tr>\n<td width=\"311\"><strong>\u0130dar\u0259etm\u0259:<\/strong><\/td>\n<td width=\"312\">Sensor<\/td>\n<\/tr>\n<tr>\n<td width=\"311\"><strong>Daxili mikrofon:<\/strong><\/td>\n<td width=\"312\">Var<\/td>\n<\/tr>\n<\/tbody>\n<\/table>\n","protected":false},"excerpt":{"rendered":"<p>Tip: TWS (tam simsiz qulaql\u0131q) Bluetooth &#8212; un versiyas\u0131: 5.4 Dinamik: 13 mm \u0130\u015fl\u0259m\u0259 m\u00fcdd\u0259ti: 4 saata q\u0259d\u0259r Keis il\u0259 \u00fcmumi i\u015fl\u0259m\u0259: 20 saata q\u0259d\u0259r Keisin batareya tutumu: 300 mA\/saat \u0130dar\u0259etm\u0259: Sensor Daxili mikrofon: Var<\/p>\n","protected":false},"featured_media":84246,"template":"","meta":[],"product_cat":[],"product_tag":[],"class_list":{"0":"post-84245","1":"product","2":"type-product","3":"status-publish","4":"has-post-thumbnail","7":"first","8":"instock","9":"sale","10":"shipping-taxable","11":"purchasable","12":"product-type-simple"},"_links":{"self":[{"href":"https:\/\/mihome.az\/ru\/wp-json\/wp\/v2\/product\/84245","targetHints":{"allow":["GET"]}}],"collection":[{"href":"https:\/\/mihome.az\/ru\/wp-json\/wp\/v2\/product"}],"about":[{"href":"https:\/\/mihome.az\/ru\/wp-json\/wp\/v2\/types\/product"}],"wp:featuredmedia":[{"embeddable":true,"href":"https:\/\/mihome.az\/ru\/wp-json\/wp\/v2\/media\/84246"}],"wp:attachment":[{"href":"https:\/\/mihome.az\/ru\/wp-json\/wp\/v2\/media?parent=84245"}],"wp:term":[{"taxonomy":"product_cat","embeddable":true,"href":"https:\/\/mihome.az\/ru\/wp-json\/wp\/v2\/product_cat?post=84245"},{"taxonomy":"product_tag","embeddable":true,"href":"https:\/\/mihome.az\/ru\/wp-json\/wp\/v2\/product_tag?post=84245"}],"curies":[{"name":"wp","href":"https:\/\/api.w.org\/{rel}","templated":true}]}}